{"id":14982,"date":"2024-11-13T19:35:09","date_gmt":"2024-11-14T00:35:09","guid":{"rendered":"https:\/\/gsdunn.com\/product\/mostaza-amarilla-molida-desactivada\/"},"modified":"2025-08-05T13:35:19","modified_gmt":"2025-08-05T17:35:19","slug":"deactivated-ground-yellow-mustard","status":"publish","type":"product","link":"https:\/\/gsdunn.com\/es\/product\/deactivated-ground-yellow-mustard\/","title":{"rendered":"Mostaza amarilla molida desactivada"},"content":{"rendered":"","protected":false},"excerpt":{"rendered":"<p>Las tendencias mundiales hacia un estilo de vida m\u00e1s sano nos impulsaron a desarrollar un proceso \u00fanico de desactivaci\u00f3n enzim\u00e1tica en un entorno natural y no qu\u00edmico. La mostaza desactivada conserva las propiedades funcionales de la mostaza y se utiliza como emulsionante y fuente de prote\u00ednas en diversas aplicaciones alimentarias, como productos c\u00e1rnicos, ali\u00f1os, mayonesa, salsas, productos a base de tomate, rebozados y productos horneados.<\/p>\n","protected":false},"featured_media":14405,"template":"","meta":{"_acf_changed":false},"product_brand":[],"product_cat":[148],"product_tag":[],"class_list":{"0":"post-14982","1":"product","2":"type-product","3":"status-publish","4":"has-post-thumbnail","6":"product_cat-sin-categoria","8":"first","9":"instock","10":"shipping-taxable","11":"purchasable","12":"product-type-variable"},"yoast_head":"<!-- This site is optimized with the Yoast SEO plugin v25.5 - https:\/\/yoast.com\/wordpress\/plugins\/seo\/ -->\n<title>Mostaza amarilla molida desactivada - G.S. Dunn<\/title>\n<meta name=\"robots\" content=\"index, follow, max-snippet:-1, max-image-preview:large, max-video-preview:-1\" \/>\n<link rel=\"canonical\" href=\"https:\/\/gsdunn.com\/es\/product\/deactivated-ground-yellow-mustard\/\" \/>\n<meta property=\"og:locale\" content=\"es_ES\" \/>\n<meta property=\"og:type\" content=\"article\" \/>\n<meta property=\"og:title\" content=\"Mostaza amarilla molida desactivada - G.S. Dunn\" \/>\n<meta property=\"og:description\" content=\"Las tendencias mundiales hacia un estilo de vida m\u00e1s sano nos impulsaron a desarrollar un proceso \u00fanico de desactivaci\u00f3n enzim\u00e1tica en un entorno natural y no qu\u00edmico. La mostaza desactivada conserva las propiedades funcionales de la mostaza y se utiliza como emulsionante y fuente de prote\u00ednas en diversas aplicaciones alimentarias, como productos c\u00e1rnicos, ali\u00f1os, mayonesa, salsas, productos a base de tomate, rebozados y productos horneados.\" \/>\n<meta property=\"og:url\" content=\"https:\/\/gsdunn.com\/es\/product\/deactivated-ground-yellow-mustard\/\" \/>\n<meta property=\"og:site_name\" content=\"G.S. Dunn\" \/>\n<meta property=\"article:modified_time\" content=\"2025-08-05T17:35:19+00:00\" \/>\n<meta property=\"og:image\" content=\"https:\/\/gsdunn.com\/wp-content\/uploads\/2024\/11\/Deactivated-Ground-Yellow-Mustard-Product-Image.jpg\" \/>\n\t<meta property=\"og:image:width\" content=\"400\" \/>\n\t<meta property=\"og:image:height\" content=\"400\" \/>\n\t<meta property=\"og:image:type\" content=\"image\/jpeg\" \/>\n<meta name=\"twitter:card\" content=\"summary_large_image\" \/>\n<meta name=\"twitter:label1\" content=\"Tiempo de lectura\" \/>\n\t<meta name=\"twitter:data1\" content=\"1 minuto\" \/>\n<script type=\"application\/ld+json\" class=\"yoast-schema-graph\">{\"@context\":\"https:\/\/schema.org\",\"@graph\":[{\"@type\":\"WebPage\",\"@id\":\"https:\/\/gsdunn.com\/es\/product\/deactivated-ground-yellow-mustard\/\",\"url\":\"https:\/\/gsdunn.com\/es\/product\/deactivated-ground-yellow-mustard\/\",\"name\":\"Mostaza amarilla molida desactivada - G.S. Dunn\",\"isPartOf\":{\"@id\":\"https:\/\/gsdunn.web4you.ca\/#website\"},\"primaryImageOfPage\":{\"@id\":\"https:\/\/gsdunn.com\/es\/product\/deactivated-ground-yellow-mustard\/#primaryimage\"},\"image\":{\"@id\":\"https:\/\/gsdunn.com\/es\/product\/deactivated-ground-yellow-mustard\/#primaryimage\"},\"thumbnailUrl\":\"https:\/\/gsdunn.com\/wp-content\/uploads\/2024\/11\/Deactivated-Ground-Yellow-Mustard-Product-Image.jpg\",\"datePublished\":\"2024-11-14T00:35:09+00:00\",\"dateModified\":\"2025-08-05T17:35:19+00:00\",\"breadcrumb\":{\"@id\":\"https:\/\/gsdunn.com\/es\/product\/deactivated-ground-yellow-mustard\/#breadcrumb\"},\"inLanguage\":\"es\",\"potentialAction\":[{\"@type\":\"ReadAction\",\"target\":[\"https:\/\/gsdunn.com\/es\/product\/deactivated-ground-yellow-mustard\/\"]}]},{\"@type\":\"ImageObject\",\"inLanguage\":\"es\",\"@id\":\"https:\/\/gsdunn.com\/es\/product\/deactivated-ground-yellow-mustard\/#primaryimage\",\"url\":\"https:\/\/gsdunn.com\/wp-content\/uploads\/2024\/11\/Deactivated-Ground-Yellow-Mustard-Product-Image.jpg\",\"contentUrl\":\"https:\/\/gsdunn.com\/wp-content\/uploads\/2024\/11\/Deactivated-Ground-Yellow-Mustard-Product-Image.jpg\",\"width\":400,\"height\":400},{\"@type\":\"BreadcrumbList\",\"@id\":\"https:\/\/gsdunn.com\/es\/product\/deactivated-ground-yellow-mustard\/#breadcrumb\",\"itemListElement\":[{\"@type\":\"ListItem\",\"position\":1,\"name\":\"Home\",\"item\":\"https:\/\/gsdunn.com\/es\/\"},{\"@type\":\"ListItem\",\"position\":2,\"name\":\"Solicitud de muestra\",\"item\":\"https:\/\/gsdunn.com\/es\/sample-request\/\"},{\"@type\":\"ListItem\",\"position\":3,\"name\":\"Mostaza amarilla molida desactivada\"}]},{\"@type\":\"WebSite\",\"@id\":\"https:\/\/gsdunn.web4you.ca\/#website\",\"url\":\"https:\/\/gsdunn.web4you.ca\/\",\"name\":\"G.S. Dunn\",\"description\":\"Dry Mustard Millers\",\"publisher\":{\"@id\":\"https:\/\/gsdunn.web4you.ca\/#organization\"},\"potentialAction\":[{\"@type\":\"SearchAction\",\"target\":{\"@type\":\"EntryPoint\",\"urlTemplate\":\"https:\/\/gsdunn.web4you.ca\/?s={search_term_string}\"},\"query-input\":{\"@type\":\"PropertyValueSpecification\",\"valueRequired\":true,\"valueName\":\"search_term_string\"}}],\"inLanguage\":\"es\"},{\"@type\":\"Organization\",\"@id\":\"https:\/\/gsdunn.web4you.ca\/#organization\",\"name\":\"G.S. Dunn\",\"url\":\"https:\/\/gsdunn.web4you.ca\/\",\"logo\":{\"@type\":\"ImageObject\",\"inLanguage\":\"es\",\"@id\":\"https:\/\/gsdunn.web4you.ca\/#\/schema\/logo\/image\/\",\"url\":\"https:\/\/gsdunn.com\/wp-content\/uploads\/2024\/11\/GSDunn-logo.webp\",\"contentUrl\":\"https:\/\/gsdunn.com\/wp-content\/uploads\/2024\/11\/GSDunn-logo.webp\",\"width\":750,\"height\":332,\"caption\":\"G.S. Dunn\"},\"image\":{\"@id\":\"https:\/\/gsdunn.web4you.ca\/#\/schema\/logo\/image\/\"}}]}<\/script>\n<!-- \/ Yoast SEO plugin. -->","yoast_head_json":{"title":"Mostaza amarilla molida desactivada - G.S. Dunn","robots":{"index":"index","follow":"follow","max-snippet":"max-snippet:-1","max-image-preview":"max-image-preview:large","max-video-preview":"max-video-preview:-1"},"canonical":"https:\/\/gsdunn.com\/es\/product\/deactivated-ground-yellow-mustard\/","og_locale":"es_ES","og_type":"article","og_title":"Mostaza amarilla molida desactivada - G.S. Dunn","og_description":"Las tendencias mundiales hacia un estilo de vida m\u00e1s sano nos impulsaron a desarrollar un proceso \u00fanico de desactivaci\u00f3n enzim\u00e1tica en un entorno natural y no qu\u00edmico. La mostaza desactivada conserva las propiedades funcionales de la mostaza y se utiliza como emulsionante y fuente de prote\u00ednas en diversas aplicaciones alimentarias, como productos c\u00e1rnicos, ali\u00f1os, mayonesa, salsas, productos a base de tomate, rebozados y productos horneados.","og_url":"https:\/\/gsdunn.com\/es\/product\/deactivated-ground-yellow-mustard\/","og_site_name":"G.S. Dunn","article_modified_time":"2025-08-05T17:35:19+00:00","og_image":[{"width":400,"height":400,"url":"https:\/\/gsdunn.com\/wp-content\/uploads\/2024\/11\/Deactivated-Ground-Yellow-Mustard-Product-Image.jpg","type":"image\/jpeg"}],"twitter_card":"summary_large_image","twitter_misc":{"Tiempo de lectura":"1 minuto"},"schema":{"@context":"https:\/\/schema.org","@graph":[{"@type":"WebPage","@id":"https:\/\/gsdunn.com\/es\/product\/deactivated-ground-yellow-mustard\/","url":"https:\/\/gsdunn.com\/es\/product\/deactivated-ground-yellow-mustard\/","name":"Mostaza amarilla molida desactivada - G.S. Dunn","isPartOf":{"@id":"https:\/\/gsdunn.web4you.ca\/#website"},"primaryImageOfPage":{"@id":"https:\/\/gsdunn.com\/es\/product\/deactivated-ground-yellow-mustard\/#primaryimage"},"image":{"@id":"https:\/\/gsdunn.com\/es\/product\/deactivated-ground-yellow-mustard\/#primaryimage"},"thumbnailUrl":"https:\/\/gsdunn.com\/wp-content\/uploads\/2024\/11\/Deactivated-Ground-Yellow-Mustard-Product-Image.jpg","datePublished":"2024-11-14T00:35:09+00:00","dateModified":"2025-08-05T17:35:19+00:00","breadcrumb":{"@id":"https:\/\/gsdunn.com\/es\/product\/deactivated-ground-yellow-mustard\/#breadcrumb"},"inLanguage":"es","potentialAction":[{"@type":"ReadAction","target":["https:\/\/gsdunn.com\/es\/product\/deactivated-ground-yellow-mustard\/"]}]},{"@type":"ImageObject","inLanguage":"es","@id":"https:\/\/gsdunn.com\/es\/product\/deactivated-ground-yellow-mustard\/#primaryimage","url":"https:\/\/gsdunn.com\/wp-content\/uploads\/2024\/11\/Deactivated-Ground-Yellow-Mustard-Product-Image.jpg","contentUrl":"https:\/\/gsdunn.com\/wp-content\/uploads\/2024\/11\/Deactivated-Ground-Yellow-Mustard-Product-Image.jpg","width":400,"height":400},{"@type":"BreadcrumbList","@id":"https:\/\/gsdunn.com\/es\/product\/deactivated-ground-yellow-mustard\/#breadcrumb","itemListElement":[{"@type":"ListItem","position":1,"name":"Home","item":"https:\/\/gsdunn.com\/es\/"},{"@type":"ListItem","position":2,"name":"Solicitud de muestra","item":"https:\/\/gsdunn.com\/es\/sample-request\/"},{"@type":"ListItem","position":3,"name":"Mostaza amarilla molida desactivada"}]},{"@type":"WebSite","@id":"https:\/\/gsdunn.web4you.ca\/#website","url":"https:\/\/gsdunn.web4you.ca\/","name":"G.S. Dunn","description":"Dry Mustard Millers","publisher":{"@id":"https:\/\/gsdunn.web4you.ca\/#organization"},"potentialAction":[{"@type":"SearchAction","target":{"@type":"EntryPoint","urlTemplate":"https:\/\/gsdunn.web4you.ca\/?s={search_term_string}"},"query-input":{"@type":"PropertyValueSpecification","valueRequired":true,"valueName":"search_term_string"}}],"inLanguage":"es"},{"@type":"Organization","@id":"https:\/\/gsdunn.web4you.ca\/#organization","name":"G.S. Dunn","url":"https:\/\/gsdunn.web4you.ca\/","logo":{"@type":"ImageObject","inLanguage":"es","@id":"https:\/\/gsdunn.web4you.ca\/#\/schema\/logo\/image\/","url":"https:\/\/gsdunn.com\/wp-content\/uploads\/2024\/11\/GSDunn-logo.webp","contentUrl":"https:\/\/gsdunn.com\/wp-content\/uploads\/2024\/11\/GSDunn-logo.webp","width":750,"height":332,"caption":"G.S. Dunn"},"image":{"@id":"https:\/\/gsdunn.web4you.ca\/#\/schema\/logo\/image\/"}}]}},"acf":[],"_links":{"self":[{"href":"https:\/\/gsdunn.com\/es\/wp-json\/wp\/v2\/product\/14982","targetHints":{"allow":["GET"]}}],"collection":[{"href":"https:\/\/gsdunn.com\/es\/wp-json\/wp\/v2\/product"}],"about":[{"href":"https:\/\/gsdunn.com\/es\/wp-json\/wp\/v2\/types\/product"}],"wp:featuredmedia":[{"embeddable":true,"href":"https:\/\/gsdunn.com\/es\/wp-json\/wp\/v2\/media\/14405"}],"wp:attachment":[{"href":"https:\/\/gsdunn.com\/es\/wp-json\/wp\/v2\/media?parent=14982"}],"wp:term":[{"taxonomy":"product_brand","embeddable":true,"href":"https:\/\/gsdunn.com\/es\/wp-json\/wp\/v2\/product_brand?post=14982"},{"taxonomy":"product_cat","embeddable":true,"href":"https:\/\/gsdunn.com\/es\/wp-json\/wp\/v2\/product_cat?post=14982"},{"taxonomy":"product_tag","embeddable":true,"href":"https:\/\/gsdunn.com\/es\/wp-json\/wp\/v2\/product_tag?post=14982"}],"curies":[{"name":"wp","href":"https:\/\/api.w.org\/{rel}","templated":true}]}}