{"id":15418,"date":"2025-01-03T09:00:17","date_gmt":"2025-01-03T14:00:17","guid":{"rendered":"https:\/\/gsdunn.com\/utiliza\/mezclas-de-condimentos-y-recubrimientos\/"},"modified":"2025-07-22T04:44:37","modified_gmt":"2025-07-22T08:44:37","slug":"seasoning-blends-and-coatings","status":"publish","type":"page","link":"https:\/\/gsdunn.com\/es\/uses\/seasoning-blends-and-coatings\/","title":{"rendered":"Mezclas de condimentos y recubrimientos"},"content":{"rendered":"[vc_row type=\u00bbfull_width_background\u00bb full_screen_row_position=\u00bbmiddle\u00bb column_margin=\u00bbdefault\u00bb column_direction=\u00bbdefault\u00bb column_direction_tablet=\u00bbdefault\u00bb column_direction_phone=\u00bbdefault\u00bb bg_color=\u00bb#995400&#8243; scene_position=\u00bbcenter\u00bb top_padding=\u00bb80&#8243; bottom_padding=\u00bb80&#8243; top_padding_tablet=\u00bb60&#8243; constrain_group_3=\u00bbyes\u00bb bottom_padding_tablet=\u00bb60&#8243; top_padding_phone=\u00bb50&#8243; constrain_group_5=\u00bbyes\u00bb bottom_padding_phone=\u00bb50&#8243; text_color=\u00bbdark\u00bb text_align=\u00bbleft\u00bb row_border_radius=\u00bbnone\u00bb row_border_radius_applies=\u00bbbg\u00bb overflow=\u00bbvisible\u00bb overlay_strength=\u00bb0.3&#8243; gradient_direction=\u00bbleft_to_right\u00bb shape_divider_color=\u00bb#f7f7f7&#8243; shape_divider_position=\u00bbbottom\u00bb shape_divider_height=\u00bb80&#8243; bg_image_animation=\u00bbnone\u00bb gradient_type=\u00bbdefault\u00bb shape_type=\u00bbcurve\u00bb][vc_column column_padding=\u00bbno-extra-padding\u00bb column_padding_tablet=\u00bbinherit\u00bb column_padding_phone=\u00bbinherit\u00bb column_padding_position=\u00bball\u00bb translate_y=\u00bb0&#8243; column_element_direction_desktop=\u00bbdefault\u00bb column_element_spacing=\u00bbdefault\u00bb desktop_text_alignment=\u00bbcenter\u00bb tablet_text_alignment=\u00bbdefault\u00bb phone_text_alignment=\u00bbdefault\u00bb background_color_opacity=\u00bb1&#8243; background_hover_color_opacity=\u00bb1&#8243; column_backdrop_filter=\u00bbnone\u00bb font_color=\u00bb#f7f7f7&#8243; column_shadow=\u00bbnone\u00bb column_border_radius=\u00bbnone\u00bb column_link_target=\u00bb_self\u00bb column_position=\u00bbdefault\u00bb gradient_direction=\u00bbleft_to_right\u00bb overlay_strength=\u00bb0.3&#8243; width=\u00bb1\/1&#8243; tablet_width_inherit=\u00bbdefault\u00bb animation_type=\u00bbdefault\u00bb bg_image_animation=\u00bbnone\u00bb border_type=\u00bbsimple\u00bb column_border_width=\u00bbnone\u00bb column_border_style=\u00bbsolid\u00bb column_padding_type=\u00bbdefault\u00bb gradient_type=\u00bbdefault\u00bb][vc_column_text css=\u00bb.vc_custom_1734009833374{margin-bottom: 15px !important;}\u00bb text_direction=\u00bbdefault\u00bb]\n<h1 style=\"text-align: center;\"><strong>Mezclas de condimentos y recubrimientos<\/strong><\/h1>\n[\/vc_column_text][vc_column_text css=\u00bb\u00bb text_direction=\u00bbdefault\u00bb]<span><span><a href=\"https:\/\/gsdunn.com\/es\/\">Home<\/a><\/span><\/span>[\/vc_column_text][\/vc_column][\/vc_row][vc_row type=\u00bbfull_width_background\u00bb full_screen_row_position=\u00bbmiddle\u00bb column_margin=\u00bbdefault\u00bb equal_height=\u00bbyes\u00bb content_placement=\u00bbtop\u00bb column_direction=\u00bbdefault\u00bb column_direction_tablet=\u00bbdefault\u00bb column_direction_phone=\u00bbdefault\u00bb scene_position=\u00bbcenter\u00bb top_padding=\u00bb80&#8243; constrain_group_1=\u00bbyes\u00bb bottom_padding=\u00bb80&#8243; top_padding_tablet=\u00bb60&#8243; bottom_padding_tablet=\u00bb80&#8243; top_padding_phone=\u00bb50&#8243; bottom_padding_phone=\u00bb70&#8243; text_color=\u00bbdark\u00bb text_align=\u00bbleft\u00bb row_border_radius=\u00bbnone\u00bb row_border_radius_applies=\u00bbbg\u00bb overflow=\u00bbvisible\u00bb overlay_strength=\u00bb0.3&#8243; gradient_direction=\u00bbleft_to_right\u00bb shape_divider_position=\u00bbbottom\u00bb bg_image_animation=\u00bbnone\u00bb gradient_type=\u00bbdefault\u00bb shape_type=\u00bb\u00bb][vc_column top_padding_desktop=\u00bb0&#8243; constrain_group_100=\u00bbyes\u00bb bottom_padding_desktop=\u00bb0&#8243; top_padding_tablet=\u00bb170&#8243; constrain_group_102=\u00bbyes\u00bb bottom_padding_tablet=\u00bb170&#8243; top_padding_phone=\u00bb120&#8243; constrain_group_104=\u00bbyes\u00bb bottom_padding_phone=\u00bb120&#8243; column_element_direction_desktop=\u00bbdefault\u00bb column_element_spacing=\u00bbdefault\u00bb desktop_text_alignment=\u00bbdefault\u00bb tablet_text_alignment=\u00bbdefault\u00bb phone_text_alignment=\u00bbdefault\u00bb background_color_opacity=\u00bb1&#8243; background_hover_color_opacity=\u00bb1&#8243; background_image=\u00bb11575&#8243; background_image_position=\u00bbcenter center\u00bb background_image_stacking=\u00bbdefault\u00bb enable_bg_scale=\u00bbtrue\u00bb background_image_loading=\u00bbdefault\u00bb column_backdrop_filter=\u00bbnone\u00bb column_shadow=\u00bbnone\u00bb column_border_radius=\u00bb10px\u00bb column_link_target=\u00bb_self\u00bb column_position=\u00bbdefault\u00bb gradient_direction=\u00bbleft_to_right\u00bb overlay_strength=\u00bb0.3&#8243; width=\u00bb1\/2&#8243; tablet_width_inherit=\u00bbdefault\u00bb animation_type=\u00bbdefault\u00bb bg_image_animation=\u00bbnone\u00bb border_type=\u00bbsimple\u00bb column_border_width=\u00bbnone\u00bb column_border_style=\u00bbsolid\u00bb column_padding_type=\u00bbadvanced\u00bb gradient_type=\u00bbdefault\u00bb][\/vc_column][vc_column top_padding_desktop=\u00bb30&#8243; bottom_padding_desktop=\u00bb50&#8243; left_padding_desktop=\u00bb30&#8243; top_padding_tablet=\u00bb15&#8243; constrain_group_102=\u00bbyes\u00bb bottom_padding_tablet=\u00bb15&#8243; left_padding_tablet=\u00bb0&#8243; top_padding_phone=\u00bb5&#8243; constrain_group_104=\u00bbyes\u00bb bottom_padding_phone=\u00bb5&#8243; left_padding_phone=\u00bb0&#8243; column_element_direction_desktop=\u00bbdefault\u00bb column_element_spacing=\u00bb20px\u00bb desktop_text_alignment=\u00bbdefault\u00bb tablet_text_alignment=\u00bbdefault\u00bb phone_text_alignment=\u00bbdefault\u00bb background_color_opacity=\u00bb1&#8243; background_hover_color_opacity=\u00bb1&#8243; column_backdrop_filter=\u00bbnone\u00bb column_shadow=\u00bbnone\u00bb column_border_radius=\u00bbnone\u00bb column_link_target=\u00bb_self\u00bb column_position=\u00bbdefault\u00bb gradient_direction=\u00bbleft_to_right\u00bb overlay_strength=\u00bb0.3&#8243; width=\u00bb1\/2&#8243; tablet_width_inherit=\u00bbdefault\u00bb animation_type=\u00bbdefault\u00bb bg_image_animation=\u00bbnone\u00bb border_type=\u00bbsimple\u00bb column_border_width=\u00bbnone\u00bb column_border_style=\u00bbsolid\u00bb column_padding_type=\u00bbadvanced\u00bb gradient_type=\u00bbdefault\u00bb][vc_column_text css=\u00bb\u00bb text_direction=\u00bbdefault\u00bb]\n<h2 style=\"text-align: left;\">Sabor y funci\u00f3n<\/h2>\n[\/vc_column_text][vc_column_text css=\u00bb.vc_custom_1739907117340{margin-bottom: 40px !important;}\u00bb text_direction=\u00bbdefault\u00bb]La mostaza aporta tanto sabor como aspecto a muchas mezclas de condimentos, y su uso es amplio y variado en este sentido.<\/p>\n<p>Las mezclas secas de condimentos para barbacoa suelen contener harina de mostaza oriental, que aporta sabor y calor, y ayuda a ablandar.<\/p>\n<p>Los condimentos secos para ensaladas contienen mostaza molida o triturada para dar sabor y aspecto visual.<\/p>\n<p>Los condimentos para carne contienen niveles sustanciales de mostaza molida por diversas razones: como aporte prote\u00ednico, aglutinante y emulsionante.<\/p>\n<p>En general, la adici\u00f3n de mostaza seca a una mezcla de condimentos aportar\u00e1 textura, sabor, color y actuar\u00e1 como ablandador de la carne en una aplicaci\u00f3n de condimentos para barbacoa.[\/vc_column_text][vc_row_inner column_margin=\u00bbdefault\u00bb column_direction=\u00bbdefault\u00bb column_direction_tablet=\u00bbdefault\u00bb column_direction_phone=\u00bbdefault\u00bb top_padding=\u00bb20&#8243; top_padding_tablet=\u00bb15&#8243; top_padding_phone=\u00bb5&#8243; text_align=\u00bbleft\u00bb row_position=\u00bbdefault\u00bb row_position_tablet=\u00bbinherit\u00bb row_position_phone=\u00bbinherit\u00bb overflow=\u00bbvisible\u00bb pointer_events=\u00bball\u00bb][vc_column_inner column_padding=\u00bbno-extra-padding\u00bb column_padding_tablet=\u00bbinherit\u00bb column_padding_phone=\u00bbinherit\u00bb column_padding_position=\u00bball\u00bb column_element_direction_desktop=\u00bbdefault\u00bb column_element_spacing=\u00bbdefault\u00bb desktop_text_alignment=\u00bbdefault\u00bb tablet_text_alignment=\u00bbdefault\u00bb phone_text_alignment=\u00bbdefault\u00bb background_color_opacity=\u00bb1&#8243; background_hover_color_opacity=\u00bb1&#8243; column_backdrop_filter=\u00bbnone\u00bb column_shadow=\u00bbnone\u00bb column_border_radius=\u00bbnone\u00bb column_link_target=\u00bb_self\u00bb overflow=\u00bbvisible\u00bb gradient_direction=\u00bbleft_to_right\u00bb overlay_strength=\u00bb0.3&#8243; width=\u00bb1\/1&#8243; tablet_width_inherit=\u00bbdefault\u00bb animation_type=\u00bbdefault\u00bb bg_image_animation=\u00bbnone\u00bb border_type=\u00bbsimple\u00bb column_border_width=\u00bbnone\u00bb column_border_style=\u00bbsolid\u00bb][nectar_cta btn_style=\u00bbbasic\u00bb heading_tag=\u00bbspan\u00bb button_color=\u00bbextra-color-2&#8243; button_color_hover=\u00bb#f7f7f7&#8243; text_color=\u00bb#f7f7f7&#8243; text_color_hover=\u00bb#995400&#8243; button_border_color=\u00bb#995400&#8243; button_border_color_hover=\u00bb#995400&#8243; button_border_thickness=\u00bb1px\u00bb link_type=\u00bbregular\u00bb alignment=\u00bbleft\u00bb alignment_tablet=\u00bbdefault\u00bb alignment_phone=\u00bbdefault\u00bb constrain_group_3=\u00bbyes\u00bb constrain_group_4=\u00bbyes\u00bb display=\u00bbblock\u00bb display_tablet=\u00bbinherit\u00bb display_phone=\u00bbinherit\u00bb icon_family=\u00bbnone\u00bb link_text=\u00bbSolicitar una muestra\u00bb padding_top=\u00bb15&#8243; padding_bottom=\u00bb15&#8243; padding_left=\u00bb25&#8243; padding_right=\u00bb25&#8243; url=\u00bbhttps:\/\/gsdunn.com\/sample-request\/\u00bb][\/vc_column_inner][\/vc_row_inner][\/vc_column][\/vc_row][vc_row type=\u00bbfull_width_background\u00bb full_screen_row_position=\u00bbmiddle\u00bb column_margin=\u00bbdefault\u00bb equal_height=\u00bbyes\u00bb content_placement=\u00bbtop\u00bb column_direction=\u00bbdefault\u00bb column_direction_tablet=\u00bbdefault\u00bb column_direction_phone=\u00bbdefault\u00bb bg_color=\u00bb#ffffff\u00bb scene_position=\u00bbcenter\u00bb top_padding=\u00bb70&#8243; bottom_padding=\u00bb40&#8243; top_padding_tablet=\u00bb60&#8243; bottom_padding_tablet=\u00bb25&#8243; top_padding_phone=\u00bb50&#8243; bottom_padding_phone=\u00bb15&#8243; text_color=\u00bbdark\u00bb text_align=\u00bbleft\u00bb row_border_radius=\u00bbnone\u00bb row_border_radius_applies=\u00bbbg\u00bb overflow=\u00bbvisible\u00bb overlay_strength=\u00bb0.3&#8243; gradient_direction=\u00bbleft_to_right\u00bb shape_divider_position=\u00bbbottom\u00bb bg_image_animation=\u00bbnone\u00bb gradient_type=\u00bbdefault\u00bb shape_type=\u00bb\u00bb][vc_column column_padding=\u00bbno-extra-padding\u00bb column_padding_tablet=\u00bbinherit\u00bb column_padding_phone=\u00bbinherit\u00bb column_padding_position=\u00bball\u00bb column_element_direction_desktop=\u00bbdefault\u00bb column_element_spacing=\u00bbdefault\u00bb desktop_text_alignment=\u00bbdefault\u00bb tablet_text_alignment=\u00bbdefault\u00bb phone_text_alignment=\u00bbdefault\u00bb background_color_opacity=\u00bb1&#8243; background_hover_color_opacity=\u00bb1&#8243; column_backdrop_filter=\u00bbnone\u00bb column_shadow=\u00bbnone\u00bb column_border_radius=\u00bbnone\u00bb column_link_target=\u00bb_self\u00bb column_position=\u00bbdefault\u00bb gradient_direction=\u00bbleft_to_right\u00bb overlay_strength=\u00bb0.3&#8243; width=\u00bb1\/1&#8243; tablet_width_inherit=\u00bbdefault\u00bb animation_type=\u00bbdefault\u00bb bg_image_animation=\u00bbnone\u00bb border_type=\u00bbsimple\u00bb column_border_width=\u00bbnone\u00bb column_border_style=\u00bbsolid\u00bb column_padding_type=\u00bbdefault\u00bb gradient_type=\u00bbdefault\u00bb][vc_row_inner column_margin=\u00bbdefault\u00bb column_direction=\u00bbdefault\u00bb column_direction_tablet=\u00bbdefault\u00bb column_direction_phone=\u00bbdefault\u00bb bottom_padding=\u00bb20&#8243; left_padding_desktop=\u00bb120&#8243; constrain_group_2=\u00bbyes\u00bb right_padding_desktop=\u00bb120&#8243; bottom_padding_tablet=\u00bb5&#8243; left_padding_tablet=\u00bb0&#8243; constrain_group_4=\u00bbyes\u00bb right_padding_tablet=\u00bb0&#8243; bottom_padding_phone=\u00bb0&#8243; left_padding_phone=\u00bb0&#8243; constrain_group_6=\u00bbyes\u00bb right_padding_phone=\u00bb0&#8243; text_align=\u00bbcenter\u00bb row_position=\u00bbdefault\u00bb row_position_tablet=\u00bbinherit\u00bb row_position_phone=\u00bbinherit\u00bb overflow=\u00bbvisible\u00bb pointer_events=\u00bball\u00bb][vc_column_inner column_element_direction_desktop=\u00bbdefault\u00bb column_element_spacing=\u00bbdefault\u00bb desktop_text_alignment=\u00bbdefault\u00bb tablet_text_alignment=\u00bbcenter\u00bb phone_text_alignment=\u00bbleft\u00bb background_color_opacity=\u00bb1&#8243; background_hover_color_opacity=\u00bb1&#8243; column_backdrop_filter=\u00bbnone\u00bb column_shadow=\u00bbnone\u00bb column_border_radius=\u00bbnone\u00bb column_link_target=\u00bb_self\u00bb overflow=\u00bbvisible\u00bb gradient_direction=\u00bbleft_to_right\u00bb overlay_strength=\u00bb0.3&#8243; width=\u00bb1\/1&#8243; tablet_width_inherit=\u00bbdefault\u00bb animation_type=\u00bbdefault\u00bb bg_image_animation=\u00bbnone\u00bb border_type=\u00bbsimple\u00bb column_border_width=\u00bbnone\u00bb column_border_style=\u00bbsolid\u00bb column_padding_type=\u00bbadvanced\u00bb gradient_type=\u00bbdefault\u00bb][vc_column_text css=\u00bb\u00bb text_direction=\u00bbdefault\u00bb]\n<h2>Utiliza<\/h2>\n[\/vc_column_text][vc_column_text css=\u00bb\u00bb text_direction=\u00bbdefault\u00bb]La harina de mostaza se utiliza en niveles bajos para mejorar el color y el sabor de los rebozados. Su funci\u00f3n, cuando se utiliza en el rebozado de pescado, es proporcionar un equilibrio al sabor aceitoso del pescado frito. Adem\u00e1s, el color amarillo de la mostaza realza el brillo deseado del rebozado. Un beneficio secundario es el aumento de la absorci\u00f3n de agua.[\/vc_column_text][\/vc_column_inner][\/vc_row_inner][nectar_post_grid post_type=\u00bbcustom\u00bb cpt_name=\u00bbpage\u00bb order=\u00bbASC\u00bb orderby=\u00bbdate\u00bb pagination=\u00bbnone\u00bb columns=\u00bb2&#8243; columns_tablet=\u00bbdefault\u00bb columns_phone=\u00bbdefault\u00bb grid_item_spacing=\u00bb10px\u00bb grid_item_height=\u00bb30vh\u00bb image_size=\u00bblarge\u00bb image_loading=\u00bbdefault\u00bb animation=\u00bbnone\u00bb animation_stagger=\u00bb90&#8243; animation_easing=\u00bbdefault\u00bb heading_tag=\u00bbdefault\u00bb font_size_min=\u00bb16px\u00bb font_size_max=\u00bb28px\u00bb enable_indicator=\u00bbyes\u00bb mouse_indicator_style=\u00bbdefault\u00bb mouse_indicator_text=\u00bbview\u00bb mouse_indicator_color=\u00bbrgba(10,10,10,0.24)\u00bb mouse_indicator_text_color=\u00bb#ffffff\u00bb mouse_indicator_blurred_bg=\u00bbyes\u00bb additional_meta_size=\u00bbsmall\u00bb grid_style=\u00bbcontent_under_image\u00bb content_under_image_text_align=\u00bbleft\u00bb text_color=\u00bbdark\u00bb hover_effect=\u00bbanimated_underline_zoom\u00bb border_radius=\u00bb10px\u00bb posts_per_page=\u00bb4&#8243; display_type=\u00bbgrid\u00bb custom_query_tax=\u00bb67&#8243; custom_font_size=\u00bb1.6vw\u00bb][\/vc_column][\/vc_row]\n","protected":false},"excerpt":{"rendered":"<p>[vc_row type=\u00bbfull_width_background\u00bb full_screen_row_position=\u00bbmiddle\u00bb column_margin=\u00bbdefault\u00bb column_direction=\u00bbdefault\u00bb column_direction_tablet=\u00bbdefault\u00bb column_direction_phone=\u00bbdefault\u00bb bg_color=\u00bb#995400&#8243; scene_position=\u00bbcenter\u00bb top_padding=\u00bb80&#8243; bottom_padding=\u00bb80&#8243; top_padding_tablet=\u00bb60&#8243; constrain_group_3=\u00bbyes\u00bb bottom_padding_tablet=\u00bb60&#8243; top_padding_phone=\u00bb50&#8243; constrain_group_5=\u00bbyes\u00bb bottom_padding_phone=\u00bb50&#8243; text_color=\u00bbdark\u00bb text_align=\u00bbleft\u00bb row_border_radius=\u00bbnone\u00bb row_border_radius_applies=\u00bbbg\u00bb overflow=\u00bbvisible\u00bb overlay_strength=\u00bb0.3&#8243; gradient_direction=\u00bbleft_to_right\u00bb shape_divider_color=\u00bb#f7f7f7&#8243; shape_divider_position=\u00bbbottom\u00bb shape_divider_height=\u00bb80&#8243; bg_image_animation=\u00bbnone\u00bb gradient_type=\u00bbdefault\u00bb shape_type=\u00bbcurve\u00bb][vc_column&#8230;<\/p>\n","protected":false},"author":1,"featured_media":14449,"parent":15381,"menu_order":0,"comment_status":"closed","ping_status":"closed","template":"","meta":{"_acf_changed":false,"footnotes":""},"categories":[],"tags":[151],"class_list":{"0":"post-15418","1":"page","2":"type-page","3":"status-publish","4":"has-post-thumbnail","6":"tag-utiliza"},"yoast_head":"<!-- This site is optimized with the Yoast SEO plugin v25.5 - https:\/\/yoast.com\/wordpress\/plugins\/seo\/ -->\n<title>Mezclas de condimentos y recubrimientos - G.S. Dunn<\/title>\n<meta name=\"description\" content=\"Mejora el sabor, la textura y la adherencia de las mezclas de condimentos y los revestimientos con nuestros productos de mostaza, garantizando la uniformidad y un mejor rendimiento del producto.\" \/>\n<meta name=\"robots\" content=\"index, follow, max-snippet:-1, max-image-preview:large, max-video-preview:-1\" \/>\n<link rel=\"canonical\" href=\"https:\/\/gsdunn.com\/es\/uses\/seasoning-blends-and-coatings\/\" \/>\n<meta property=\"og:locale\" content=\"es_ES\" \/>\n<meta property=\"og:type\" content=\"article\" \/>\n<meta property=\"og:title\" content=\"Mezclas de condimentos y recubrimientos - G.S. Dunn\" \/>\n<meta property=\"og:description\" content=\"Mejora el sabor, la textura y la adherencia de las mezclas de condimentos y los revestimientos con nuestros productos de mostaza, garantizando la uniformidad y un mejor rendimiento del producto.\" \/>\n<meta property=\"og:url\" content=\"https:\/\/gsdunn.com\/es\/uses\/seasoning-blends-and-coatings\/\" \/>\n<meta property=\"og:site_name\" content=\"G.S. Dunn\" \/>\n<meta property=\"article:modified_time\" content=\"2025-07-22T08:44:37+00:00\" \/>\n<meta property=\"og:image\" content=\"https:\/\/gsdunn.com\/wp-content\/uploads\/2024\/12\/Seasoning-Blends-and-Coatings-Image.webp\" \/>\n\t<meta property=\"og:image:width\" content=\"1000\" \/>\n\t<meta property=\"og:image:height\" content=\"667\" \/>\n\t<meta property=\"og:image:type\" content=\"image\/webp\" \/>\n<meta name=\"twitter:card\" content=\"summary_large_image\" \/>\n<meta name=\"twitter:label1\" content=\"Tiempo de lectura\" \/>\n\t<meta name=\"twitter:data1\" content=\"8 minutos\" \/>\n<script type=\"application\/ld+json\" class=\"yoast-schema-graph\">{\"@context\":\"https:\/\/schema.org\",\"@graph\":[{\"@type\":\"WebPage\",\"@id\":\"https:\/\/gsdunn.com\/es\/uses\/seasoning-blends-and-coatings\/\",\"url\":\"https:\/\/gsdunn.com\/es\/uses\/seasoning-blends-and-coatings\/\",\"name\":\"Mezclas de condimentos y recubrimientos - G.S. Dunn\",\"isPartOf\":{\"@id\":\"https:\/\/gsdunn.web4you.ca\/#website\"},\"primaryImageOfPage\":{\"@id\":\"https:\/\/gsdunn.com\/es\/uses\/seasoning-blends-and-coatings\/#primaryimage\"},\"image\":{\"@id\":\"https:\/\/gsdunn.com\/es\/uses\/seasoning-blends-and-coatings\/#primaryimage\"},\"thumbnailUrl\":\"https:\/\/gsdunn.com\/wp-content\/uploads\/2024\/12\/Seasoning-Blends-and-Coatings-Image.webp\",\"datePublished\":\"2025-01-03T14:00:17+00:00\",\"dateModified\":\"2025-07-22T08:44:37+00:00\",\"description\":\"Mejora el sabor, la textura y la adherencia de las mezclas de condimentos y los revestimientos con nuestros productos de mostaza, garantizando la uniformidad y un mejor rendimiento del producto.\",\"breadcrumb\":{\"@id\":\"https:\/\/gsdunn.com\/es\/uses\/seasoning-blends-and-coatings\/#breadcrumb\"},\"inLanguage\":\"es\",\"potentialAction\":[{\"@type\":\"ReadAction\",\"target\":[\"https:\/\/gsdunn.com\/es\/uses\/seasoning-blends-and-coatings\/\"]}]},{\"@type\":\"ImageObject\",\"inLanguage\":\"es\",\"@id\":\"https:\/\/gsdunn.com\/es\/uses\/seasoning-blends-and-coatings\/#primaryimage\",\"url\":\"https:\/\/gsdunn.com\/wp-content\/uploads\/2024\/12\/Seasoning-Blends-and-Coatings-Image.webp\",\"contentUrl\":\"https:\/\/gsdunn.com\/wp-content\/uploads\/2024\/12\/Seasoning-Blends-and-Coatings-Image.webp\",\"width\":1000,\"height\":667},{\"@type\":\"BreadcrumbList\",\"@id\":\"https:\/\/gsdunn.com\/es\/uses\/seasoning-blends-and-coatings\/#breadcrumb\",\"itemListElement\":[{\"@type\":\"ListItem\",\"position\":1,\"name\":\"Home\",\"item\":\"https:\/\/gsdunn.com\/es\/\"},{\"@type\":\"ListItem\",\"position\":2,\"name\":\"Utiliza\",\"item\":\"https:\/\/gsdunn.com\/es\/uses\/\"},{\"@type\":\"ListItem\",\"position\":3,\"name\":\"Mezclas de condimentos y recubrimientos\"}]},{\"@type\":\"WebSite\",\"@id\":\"https:\/\/gsdunn.web4you.ca\/#website\",\"url\":\"https:\/\/gsdunn.web4you.ca\/\",\"name\":\"G.S. Dunn\",\"description\":\"Dry Mustard Millers\",\"publisher\":{\"@id\":\"https:\/\/gsdunn.web4you.ca\/#organization\"},\"potentialAction\":[{\"@type\":\"SearchAction\",\"target\":{\"@type\":\"EntryPoint\",\"urlTemplate\":\"https:\/\/gsdunn.web4you.ca\/?s={search_term_string}\"},\"query-input\":{\"@type\":\"PropertyValueSpecification\",\"valueRequired\":true,\"valueName\":\"search_term_string\"}}],\"inLanguage\":\"es\"},{\"@type\":\"Organization\",\"@id\":\"https:\/\/gsdunn.web4you.ca\/#organization\",\"name\":\"G.S. Dunn\",\"url\":\"https:\/\/gsdunn.web4you.ca\/\",\"logo\":{\"@type\":\"ImageObject\",\"inLanguage\":\"es\",\"@id\":\"https:\/\/gsdunn.web4you.ca\/#\/schema\/logo\/image\/\",\"url\":\"https:\/\/gsdunn.com\/wp-content\/uploads\/2024\/11\/GSDunn-logo.webp\",\"contentUrl\":\"https:\/\/gsdunn.com\/wp-content\/uploads\/2024\/11\/GSDunn-logo.webp\",\"width\":750,\"height\":332,\"caption\":\"G.S. Dunn\"},\"image\":{\"@id\":\"https:\/\/gsdunn.web4you.ca\/#\/schema\/logo\/image\/\"}}]}<\/script>\n<!-- \/ Yoast SEO plugin. -->","yoast_head_json":{"title":"Mezclas de condimentos y recubrimientos - G.S. Dunn","description":"Mejora el sabor, la textura y la adherencia de las mezclas de condimentos y los revestimientos con nuestros productos de mostaza, garantizando la uniformidad y un mejor rendimiento del producto.","robots":{"index":"index","follow":"follow","max-snippet":"max-snippet:-1","max-image-preview":"max-image-preview:large","max-video-preview":"max-video-preview:-1"},"canonical":"https:\/\/gsdunn.com\/es\/uses\/seasoning-blends-and-coatings\/","og_locale":"es_ES","og_type":"article","og_title":"Mezclas de condimentos y recubrimientos - G.S. Dunn","og_description":"Mejora el sabor, la textura y la adherencia de las mezclas de condimentos y los revestimientos con nuestros productos de mostaza, garantizando la uniformidad y un mejor rendimiento del producto.","og_url":"https:\/\/gsdunn.com\/es\/uses\/seasoning-blends-and-coatings\/","og_site_name":"G.S. Dunn","article_modified_time":"2025-07-22T08:44:37+00:00","og_image":[{"width":1000,"height":667,"url":"https:\/\/gsdunn.com\/wp-content\/uploads\/2024\/12\/Seasoning-Blends-and-Coatings-Image.webp","type":"image\/webp"}],"twitter_card":"summary_large_image","twitter_misc":{"Tiempo de lectura":"8 minutos"},"schema":{"@context":"https:\/\/schema.org","@graph":[{"@type":"WebPage","@id":"https:\/\/gsdunn.com\/es\/uses\/seasoning-blends-and-coatings\/","url":"https:\/\/gsdunn.com\/es\/uses\/seasoning-blends-and-coatings\/","name":"Mezclas de condimentos y recubrimientos - G.S. Dunn","isPartOf":{"@id":"https:\/\/gsdunn.web4you.ca\/#website"},"primaryImageOfPage":{"@id":"https:\/\/gsdunn.com\/es\/uses\/seasoning-blends-and-coatings\/#primaryimage"},"image":{"@id":"https:\/\/gsdunn.com\/es\/uses\/seasoning-blends-and-coatings\/#primaryimage"},"thumbnailUrl":"https:\/\/gsdunn.com\/wp-content\/uploads\/2024\/12\/Seasoning-Blends-and-Coatings-Image.webp","datePublished":"2025-01-03T14:00:17+00:00","dateModified":"2025-07-22T08:44:37+00:00","description":"Mejora el sabor, la textura y la adherencia de las mezclas de condimentos y los revestimientos con nuestros productos de mostaza, garantizando la uniformidad y un mejor rendimiento del producto.","breadcrumb":{"@id":"https:\/\/gsdunn.com\/es\/uses\/seasoning-blends-and-coatings\/#breadcrumb"},"inLanguage":"es","potentialAction":[{"@type":"ReadAction","target":["https:\/\/gsdunn.com\/es\/uses\/seasoning-blends-and-coatings\/"]}]},{"@type":"ImageObject","inLanguage":"es","@id":"https:\/\/gsdunn.com\/es\/uses\/seasoning-blends-and-coatings\/#primaryimage","url":"https:\/\/gsdunn.com\/wp-content\/uploads\/2024\/12\/Seasoning-Blends-and-Coatings-Image.webp","contentUrl":"https:\/\/gsdunn.com\/wp-content\/uploads\/2024\/12\/Seasoning-Blends-and-Coatings-Image.webp","width":1000,"height":667},{"@type":"BreadcrumbList","@id":"https:\/\/gsdunn.com\/es\/uses\/seasoning-blends-and-coatings\/#breadcrumb","itemListElement":[{"@type":"ListItem","position":1,"name":"Home","item":"https:\/\/gsdunn.com\/es\/"},{"@type":"ListItem","position":2,"name":"Utiliza","item":"https:\/\/gsdunn.com\/es\/uses\/"},{"@type":"ListItem","position":3,"name":"Mezclas de condimentos y recubrimientos"}]},{"@type":"WebSite","@id":"https:\/\/gsdunn.web4you.ca\/#website","url":"https:\/\/gsdunn.web4you.ca\/","name":"G.S. Dunn","description":"Dry Mustard Millers","publisher":{"@id":"https:\/\/gsdunn.web4you.ca\/#organization"},"potentialAction":[{"@type":"SearchAction","target":{"@type":"EntryPoint","urlTemplate":"https:\/\/gsdunn.web4you.ca\/?s={search_term_string}"},"query-input":{"@type":"PropertyValueSpecification","valueRequired":true,"valueName":"search_term_string"}}],"inLanguage":"es"},{"@type":"Organization","@id":"https:\/\/gsdunn.web4you.ca\/#organization","name":"G.S. Dunn","url":"https:\/\/gsdunn.web4you.ca\/","logo":{"@type":"ImageObject","inLanguage":"es","@id":"https:\/\/gsdunn.web4you.ca\/#\/schema\/logo\/image\/","url":"https:\/\/gsdunn.com\/wp-content\/uploads\/2024\/11\/GSDunn-logo.webp","contentUrl":"https:\/\/gsdunn.com\/wp-content\/uploads\/2024\/11\/GSDunn-logo.webp","width":750,"height":332,"caption":"G.S. Dunn"},"image":{"@id":"https:\/\/gsdunn.web4you.ca\/#\/schema\/logo\/image\/"}}]}},"acf":[],"_links":{"self":[{"href":"https:\/\/gsdunn.com\/es\/wp-json\/wp\/v2\/pages\/15418","targetHints":{"allow":["GET"]}}],"collection":[{"href":"https:\/\/gsdunn.com\/es\/wp-json\/wp\/v2\/pages"}],"about":[{"href":"https:\/\/gsdunn.com\/es\/wp-json\/wp\/v2\/types\/page"}],"author":[{"embeddable":true,"href":"https:\/\/gsdunn.com\/es\/wp-json\/wp\/v2\/users\/1"}],"replies":[{"embeddable":true,"href":"https:\/\/gsdunn.com\/es\/wp-json\/wp\/v2\/comments?post=15418"}],"version-history":[{"count":3,"href":"https:\/\/gsdunn.com\/es\/wp-json\/wp\/v2\/pages\/15418\/revisions"}],"predecessor-version":[{"id":16218,"href":"https:\/\/gsdunn.com\/es\/wp-json\/wp\/v2\/pages\/15418\/revisions\/16218"}],"up":[{"embeddable":true,"href":"https:\/\/gsdunn.com\/es\/wp-json\/wp\/v2\/pages\/15381"}],"wp:featuredmedia":[{"embeddable":true,"href":"https:\/\/gsdunn.com\/es\/wp-json\/wp\/v2\/media\/14449"}],"wp:attachment":[{"href":"https:\/\/gsdunn.com\/es\/wp-json\/wp\/v2\/media?parent=15418"}],"wp:term":[{"taxonomy":"category","embeddable":true,"href":"https:\/\/gsdunn.com\/es\/wp-json\/wp\/v2\/categories?post=15418"},{"taxonomy":"post_tag","embeddable":true,"href":"https:\/\/gsdunn.com\/es\/wp-json\/wp\/v2\/tags?post=15418"}],"curies":[{"name":"wp","href":"https:\/\/api.w.org\/{rel}","templated":true}]}}