{"id":15351,"date":"2025-05-01T14:17:32","date_gmt":"2025-05-01T18:17:32","guid":{"rendered":"https:\/\/gsdunn.com\/tendencias-del-mercado\/"},"modified":"2025-07-22T04:37:03","modified_gmt":"2025-07-22T08:37:03","slug":"market-trends","status":"publish","type":"page","link":"https:\/\/gsdunn.com\/es\/market-trends\/","title":{"rendered":"Tendencias del mercado"},"content":{"rendered":"[vc_row type=\u00bbfull_width_background\u00bb full_screen_row_position=\u00bbmiddle\u00bb column_margin=\u00bbdefault\u00bb column_direction=\u00bbdefault\u00bb column_direction_tablet=\u00bbdefault\u00bb column_direction_phone=\u00bbdefault\u00bb bg_color=\u00bb#995400&#8243; scene_position=\u00bbcenter\u00bb top_padding=\u00bb80&#8243; bottom_padding=\u00bb80&#8243; top_padding_tablet=\u00bb60&#8243; constrain_group_3=\u00bbyes\u00bb bottom_padding_tablet=\u00bb60&#8243; top_padding_phone=\u00bb50&#8243; constrain_group_5=\u00bbyes\u00bb bottom_padding_phone=\u00bb50&#8243; text_color=\u00bbdark\u00bb text_align=\u00bbleft\u00bb row_border_radius=\u00bbnone\u00bb row_border_radius_applies=\u00bbbg\u00bb overflow=\u00bbvisible\u00bb overlay_strength=\u00bb0.3&#8243; gradient_direction=\u00bbleft_to_right\u00bb shape_divider_color=\u00bb#f7f7f7&#8243; shape_divider_position=\u00bbbottom\u00bb shape_divider_height=\u00bb80&#8243; bg_image_animation=\u00bbnone\u00bb gradient_type=\u00bbdefault\u00bb shape_type=\u00bbcurve\u00bb][vc_column column_padding=\u00bbno-extra-padding\u00bb column_padding_tablet=\u00bbinherit\u00bb column_padding_phone=\u00bbinherit\u00bb column_padding_position=\u00bball\u00bb translate_y=\u00bb0&#8243; column_element_direction_desktop=\u00bbdefault\u00bb column_element_spacing=\u00bbdefault\u00bb desktop_text_alignment=\u00bbcenter\u00bb tablet_text_alignment=\u00bbdefault\u00bb phone_text_alignment=\u00bbdefault\u00bb background_color_opacity=\u00bb1&#8243; background_hover_color_opacity=\u00bb1&#8243; column_backdrop_filter=\u00bbnone\u00bb font_color=\u00bb#f7f7f7&#8243; column_shadow=\u00bbnone\u00bb column_border_radius=\u00bbnone\u00bb column_link_target=\u00bb_self\u00bb column_position=\u00bbdefault\u00bb gradient_direction=\u00bbleft_to_right\u00bb overlay_strength=\u00bb0.3&#8243; width=\u00bb1\/1&#8243; tablet_width_inherit=\u00bbdefault\u00bb animation_type=\u00bbdefault\u00bb bg_image_animation=\u00bbnone\u00bb border_type=\u00bbsimple\u00bb column_border_width=\u00bbnone\u00bb column_border_style=\u00bbsolid\u00bb column_padding_type=\u00bbdefault\u00bb gradient_type=\u00bbdefault\u00bb][vc_column_text css=\u00bb.vc_custom_1746123377183{margin-bottom: 15px !important;}\u00bb text_direction=\u00bbdefault\u00bb]\n<h1 style=\"text-align: center;\"><strong>Tendencias del mercado<\/strong><\/h1>\n[\/vc_column_text][vc_column_text css=\u00bb\u00bb text_direction=\u00bbdefault\u00bb]<span><span><a href=\"https:\/\/gsdunn.com\/es\/\">Home<\/a><\/span><\/span>[\/vc_column_text][\/vc_column][\/vc_row][vc_row type=\u00bbfull_width_background\u00bb full_screen_row_position=\u00bbmiddle\u00bb column_margin=\u00bbdefault\u00bb equal_height=\u00bbyes\u00bb content_placement=\u00bbmiddle\u00bb column_direction=\u00bbdefault\u00bb column_direction_tablet=\u00bbdefault\u00bb column_direction_phone=\u00bbdefault\u00bb bg_color=\u00bb#ffffff\u00bb scene_position=\u00bbcenter\u00bb top_padding=\u00bb40&#8243; constrain_group_1=\u00bbyes\u00bb bottom_padding=\u00bb40&#8243; top_padding_tablet=\u00bb50&#8243; constrain_group_3=\u00bbyes\u00bb bottom_padding_tablet=\u00bb50&#8243; top_padding_phone=\u00bb40&#8243; constrain_group_5=\u00bbyes\u00bb bottom_padding_phone=\u00bb40&#8243; text_color=\u00bbdark\u00bb text_align=\u00bbleft\u00bb row_border_radius=\u00bbnone\u00bb row_border_radius_applies=\u00bbbg\u00bb overflow=\u00bbvisible\u00bb overlay_strength=\u00bb0.3&#8243; gradient_direction=\u00bbleft_to_right\u00bb shape_divider_position=\u00bbbottom\u00bb bg_image_animation=\u00bbnone\u00bb gradient_type=\u00bbdefault\u00bb shape_type=\u00bb\u00bb][vc_column top_padding_desktop=\u00bb0&#8243; constrain_group_100=\u00bbyes\u00bb bottom_padding_desktop=\u00bb0&#8243; left_padding_desktop=\u00bb20&#8243; constrain_group_101=\u00bbyes\u00bb right_padding_desktop=\u00bb20&#8243; top_padding_tablet=\u00bb0&#8243; constrain_group_102=\u00bbyes\u00bb bottom_padding_tablet=\u00bb0&#8243; top_padding_phone=\u00bb0&#8243; constrain_group_104=\u00bbyes\u00bb bottom_padding_phone=\u00bb0&#8243; column_element_direction_desktop=\u00bbdefault\u00bb column_element_spacing=\u00bbdefault\u00bb desktop_text_alignment=\u00bbdefault\u00bb tablet_text_alignment=\u00bbdefault\u00bb phone_text_alignment=\u00bbdefault\u00bb background_color_opacity=\u00bb1&#8243; background_hover_color_opacity=\u00bb1&#8243; column_backdrop_filter=\u00bbnone\u00bb column_shadow=\u00bbnone\u00bb column_border_radius=\u00bb10px\u00bb column_link_target=\u00bb_self\u00bb column_position=\u00bbdefault\u00bb gradient_direction=\u00bbleft_to_right\u00bb overlay_strength=\u00bb0.3&#8243; width=\u00bb1\/2&#8243; tablet_width_inherit=\u00bbdefault\u00bb animation_type=\u00bbdefault\u00bb bg_image_animation=\u00bbnone\u00bb border_type=\u00bbsimple\u00bb column_border_width=\u00bbnone\u00bb column_border_style=\u00bbsolid\u00bb column_padding_type=\u00bbadvanced\u00bb gradient_type=\u00bbdefault\u00bb][nectar_video_lightbox link_style=\u00bbplay_button_2&#8243; nectar_play_button_color=\u00bbDefault-Accent-Color\u00bb image_url=\u00bb14275&#8243; hover_effect=\u00bbdefaut\u00bb box_shadow=\u00bbnone\u00bb border_radius=\u00bb15px\u00bb play_button_size=\u00bblarger\u00bb video_url=\u00bbhttps:\/\/www.youtube.com\/watch?v=gKpeVExmtE0&#8243;][\/vc_column][vc_column top_padding_desktop=\u00bb30&#8243; bottom_padding_desktop=\u00bb50&#8243; left_padding_desktop=\u00bb30&#8243; top_padding_tablet=\u00bb15&#8243; constrain_group_102=\u00bbyes\u00bb bottom_padding_tablet=\u00bb15&#8243; left_padding_tablet=\u00bb0&#8243; top_padding_phone=\u00bb5&#8243; constrain_group_104=\u00bbyes\u00bb bottom_padding_phone=\u00bb5&#8243; left_padding_phone=\u00bb0&#8243; column_element_direction_desktop=\u00bbdefault\u00bb column_element_spacing=\u00bb20px\u00bb desktop_text_alignment=\u00bbdefault\u00bb tablet_text_alignment=\u00bbdefault\u00bb phone_text_alignment=\u00bbdefault\u00bb background_color_opacity=\u00bb1&#8243; background_hover_color_opacity=\u00bb1&#8243; column_backdrop_filter=\u00bbnone\u00bb column_shadow=\u00bbnone\u00bb column_border_radius=\u00bbnone\u00bb column_link_target=\u00bb_self\u00bb column_position=\u00bbdefault\u00bb gradient_direction=\u00bbleft_to_right\u00bb overlay_strength=\u00bb0.3&#8243; width=\u00bb1\/2&#8243; tablet_width_inherit=\u00bbdefault\u00bb animation_type=\u00bbdefault\u00bb bg_image_animation=\u00bbnone\u00bb border_type=\u00bbsimple\u00bb column_border_width=\u00bbnone\u00bb column_border_style=\u00bbsolid\u00bb column_padding_type=\u00bbadvanced\u00bb gradient_type=\u00bbdefault\u00bb][nectar_highlighted_text color_type=\u00bbregular\u00bb text_color=\u00bb#995400&#8243; style=\u00bbfull_text\u00bb highlight_expansion=\u00bbdefault\u00bb custom_font_size=\u00bb50px\u00bb text_direction=\u00bbdefault\u00bb font_size_tablet=\u00bb40px\u00bb font_size_phone=\u00bb35px\u00bb font_line_height=\u00bb1.2&#8243;]\n<h2>Soluciones naturales para un sistema alimentario m\u00e1s limpio<\/h2>\n[\/nectar_highlighted_text][vc_column_text css=\u00bb\u00bb text_direction=\u00bbdefault\u00bb]A medida que cobra impulso el cambio hacia ingredientes alimentarios m\u00e1s limpios -con aditivos nocivos como los colorantes sint\u00e9ticos, los conservantes y el glifosato bajo escrutinio-, los equipos de investigaci\u00f3n y desarrollo buscan alternativas naturales.<\/p>\n<p>La mostaza ofrece una <strong>soluci\u00f3n poderosa<\/strong>: sus propiedades antimicrobianas naturales ayudan a conservar los alimentos sin necesidad de productos qu\u00edmicos sint\u00e9ticos, mientras que su sabor vibrante y su atractivo de etiqueta limpia satisfacen la creciente demanda de los consumidores de ingredientes m\u00e1s sanos y sencillos.<\/p>\n<p><strong>En G.S. Dunn creemos que el futuro de la alimentaci\u00f3n prioriza la salud, no el beneficio.<\/strong>[\/vc_column_text][\/vc_column][\/vc_row][vc_row type=\u00bbfull_width_background\u00bb full_screen_row_position=\u00bbmiddle\u00bb column_margin=\u00bbdefault\u00bb equal_height=\u00bbyes\u00bb content_placement=\u00bbtop\u00bb column_direction=\u00bbdefault\u00bb column_direction_tablet=\u00bbdefault\u00bb column_direction_phone=\u00bbdefault\u00bb bg_color=\u00bb#455100&#8243; scene_position=\u00bbcenter\u00bb top_padding=\u00bb80&#8243; bottom_padding=\u00bb40&#8243; top_padding_tablet=\u00bb60&#8243; bottom_padding_tablet=\u00bb30&#8243; top_padding_phone=\u00bb50&#8243; bottom_padding_phone=\u00bb25&#8243; text_color=\u00bbdark\u00bb text_align=\u00bbleft\u00bb row_border_radius=\u00bbnone\u00bb row_border_radius_applies=\u00bbbg\u00bb overflow=\u00bbvisible\u00bb overlay_strength=\u00bb0.3&#8243; gradient_direction=\u00bbleft_to_right\u00bb enable_shape_divider=\u00bbtrue\u00bb shape_divider_position=\u00bbtop\u00bb shape_divider_height=\u00bb100&#8243; bg_image_animation=\u00bbnone\u00bb gradient_type=\u00bbdefault\u00bb shape_type=\u00bbcurve_asym\u00bb][vc_column top_padding_desktop=\u00bb20&#8243; constrain_group_100=\u00bbyes\u00bb bottom_padding_desktop=\u00bb20&#8243; left_padding_desktop=\u00bb30&#8243; top_padding_tablet=\u00bb15&#8243; constrain_group_102=\u00bbyes\u00bb bottom_padding_tablet=\u00bb15&#8243; left_padding_tablet=\u00bb0&#8243; top_padding_phone=\u00bb5&#8243; constrain_group_104=\u00bbyes\u00bb bottom_padding_phone=\u00bb5&#8243; left_padding_phone=\u00bb0&#8243; column_element_direction_desktop=\u00bbdefault\u00bb column_element_spacing=\u00bb20px\u00bb desktop_text_alignment=\u00bbcenter\u00bb tablet_text_alignment=\u00bbdefault\u00bb phone_text_alignment=\u00bbdefault\u00bb background_color_opacity=\u00bb1&#8243; background_hover_color_opacity=\u00bb1&#8243; column_backdrop_filter=\u00bbnone\u00bb font_color=\u00bb#ffffff\u00bb column_shadow=\u00bbnone\u00bb column_border_radius=\u00bbnone\u00bb column_link_target=\u00bb_self\u00bb column_position=\u00bbdefault\u00bb gradient_direction=\u00bbleft_to_right\u00bb overlay_strength=\u00bb0.3&#8243; width=\u00bb1\/1&#8243; tablet_width_inherit=\u00bbdefault\u00bb animation_type=\u00bbdefault\u00bb bg_image_animation=\u00bbnone\u00bb border_type=\u00bbsimple\u00bb column_border_width=\u00bbnone\u00bb column_border_style=\u00bbsolid\u00bb column_padding_type=\u00bbadvanced\u00bb gradient_type=\u00bbdefault\u00bb][image_with_animation image_url=\u00bb12617&#8243; image_size=\u00bbfull\u00bb animation_type=\u00bbentrance\u00bb animation=\u00bbNone\u00bb animation_movement_type=\u00bbtransform_y\u00bb hover_animation=\u00bbnone\u00bb alignment=\u00bbcenter\u00bb border_radius=\u00bbnone\u00bb box_shadow=\u00bbnone\u00bb image_loading=\u00bbdefault\u00bb max_width=\u00bbcustom\u00bb max_width_custom=\u00bb15%\u00bb max_width_custom_phone=\u00bb30%\u00bb max_width_custom_tablet=\u00bb20%\u00bb][vc_column_text css=\u00bb\u00bb text_direction=\u00bbdefault\u00bb]\n<h2>Reducir el consumo de energ\u00eda<\/h2>\n[\/vc_column_text][vc_column_text css=\u00bb.vc_custom_1739909729035{margin-bottom: 40px !important;}\u00bb text_direction=\u00bbdefault\u00bb]Recientemente hemos sustituido 18 de nuestras unidades de halogenuros met\u00e1licos de 450 W por luminarias LED High Bay de alta eficiencia en nuestras instalaciones de control de calidad e inspecci\u00f3n. Esto no s\u00f3lo se ajusta a nuestros objetivos de reducir el consumo de energ\u00eda, sino que tambi\u00e9n proporciona una visibilidad \u00f3ptima para nuestra inspecci\u00f3n de calidad sin concesiones.[\/vc_column_text][\/vc_column][\/vc_row]\n","protected":false},"excerpt":{"rendered":"<p>[vc_row type=\u00bbfull_width_background\u00bb full_screen_row_position=\u00bbmiddle\u00bb column_margin=\u00bbdefault\u00bb column_direction=\u00bbdefault\u00bb column_direction_tablet=\u00bbdefault\u00bb column_direction_phone=\u00bbdefault\u00bb bg_color=\u00bb#995400&#8243; scene_position=\u00bbcenter\u00bb top_padding=\u00bb80&#8243; bottom_padding=\u00bb80&#8243; top_padding_tablet=\u00bb60&#8243; constrain_group_3=\u00bbyes\u00bb bottom_padding_tablet=\u00bb60&#8243; top_padding_phone=\u00bb50&#8243; constrain_group_5=\u00bbyes\u00bb bottom_padding_phone=\u00bb50&#8243; text_color=\u00bbdark\u00bb text_align=\u00bbleft\u00bb row_border_radius=\u00bbnone\u00bb row_border_radius_applies=\u00bbbg\u00bb overflow=\u00bbvisible\u00bb overlay_strength=\u00bb0.3&#8243; gradient_direction=\u00bbleft_to_right\u00bb shape_divider_color=\u00bb#f7f7f7&#8243; shape_divider_position=\u00bbbottom\u00bb shape_divider_height=\u00bb80&#8243; bg_image_animation=\u00bbnone\u00bb gradient_type=\u00bbdefault\u00bb shape_type=\u00bbcurve\u00bb][vc_column&#8230;<\/p>\n","protected":false},"author":1,"featured_media":14907,"parent":0,"menu_order":0,"comment_status":"closed","ping_status":"closed","template":"","meta":{"_acf_changed":false,"footnotes":""},"categories":[],"tags":[],"class_list":["post-15351","page","type-page","status-publish","has-post-thumbnail"],"yoast_head":"<!-- This site is optimized with the Yoast SEO plugin v25.5 - https:\/\/yoast.com\/wordpress\/plugins\/seo\/ -->\n<title>Tendencias del mercado - G.S. Dunn<\/title>\n<meta name=\"description\" content=\"Inf\u00f3rmate sobre nuestro compromiso de fabricar productos de mostaza de primera calidad, nuestra experiencia en el sector y c\u00f3mo ayudamos a los clientes con soluciones a medida.\" \/>\n<meta name=\"robots\" content=\"index, follow, max-snippet:-1, max-image-preview:large, max-video-preview:-1\" \/>\n<link rel=\"canonical\" href=\"https:\/\/gsdunn.com\/es\/market-trends\/\" \/>\n<meta property=\"og:locale\" content=\"es_ES\" \/>\n<meta property=\"og:type\" content=\"article\" \/>\n<meta property=\"og:title\" content=\"Tendencias del mercado - G.S. Dunn\" \/>\n<meta property=\"og:description\" content=\"Inf\u00f3rmate sobre nuestro compromiso de fabricar productos de mostaza de primera calidad, nuestra experiencia en el sector y c\u00f3mo ayudamos a los clientes con soluciones a medida.\" \/>\n<meta property=\"og:url\" content=\"https:\/\/gsdunn.com\/es\/market-trends\/\" \/>\n<meta property=\"og:site_name\" content=\"G.S. Dunn\" \/>\n<meta property=\"article:modified_time\" content=\"2025-07-22T08:37:03+00:00\" \/>\n<meta property=\"og:image\" content=\"https:\/\/gsdunn.com\/wp-content\/uploads\/2025\/03\/Hero-section-square.webp\" \/>\n\t<meta property=\"og:image:width\" content=\"1000\" \/>\n\t<meta property=\"og:image:height\" content=\"1000\" \/>\n\t<meta property=\"og:image:type\" content=\"image\/webp\" \/>\n<meta name=\"twitter:card\" content=\"summary_large_image\" \/>\n<meta name=\"twitter:label1\" content=\"Tiempo de lectura\" \/>\n\t<meta name=\"twitter:data1\" content=\"6 minutos\" \/>\n<script type=\"application\/ld+json\" class=\"yoast-schema-graph\">{\"@context\":\"https:\/\/schema.org\",\"@graph\":[{\"@type\":\"WebPage\",\"@id\":\"https:\/\/gsdunn.com\/es\/market-trends\/\",\"url\":\"https:\/\/gsdunn.com\/es\/market-trends\/\",\"name\":\"Tendencias del mercado - G.S. Dunn\",\"isPartOf\":{\"@id\":\"https:\/\/gsdunn.web4you.ca\/#website\"},\"primaryImageOfPage\":{\"@id\":\"https:\/\/gsdunn.com\/es\/market-trends\/#primaryimage\"},\"image\":{\"@id\":\"https:\/\/gsdunn.com\/es\/market-trends\/#primaryimage\"},\"thumbnailUrl\":\"https:\/\/gsdunn.com\/wp-content\/uploads\/2025\/03\/Hero-section-square.webp\",\"datePublished\":\"2025-05-01T18:17:32+00:00\",\"dateModified\":\"2025-07-22T08:37:03+00:00\",\"description\":\"Inf\u00f3rmate sobre nuestro compromiso de fabricar productos de mostaza de primera calidad, nuestra experiencia en el sector y c\u00f3mo ayudamos a los clientes con soluciones a medida.\",\"breadcrumb\":{\"@id\":\"https:\/\/gsdunn.com\/es\/market-trends\/#breadcrumb\"},\"inLanguage\":\"es\",\"potentialAction\":[{\"@type\":\"ReadAction\",\"target\":[\"https:\/\/gsdunn.com\/es\/market-trends\/\"]}]},{\"@type\":\"ImageObject\",\"inLanguage\":\"es\",\"@id\":\"https:\/\/gsdunn.com\/es\/market-trends\/#primaryimage\",\"url\":\"https:\/\/gsdunn.com\/wp-content\/uploads\/2025\/03\/Hero-section-square.webp\",\"contentUrl\":\"https:\/\/gsdunn.com\/wp-content\/uploads\/2025\/03\/Hero-section-square.webp\",\"width\":1000,\"height\":1000},{\"@type\":\"BreadcrumbList\",\"@id\":\"https:\/\/gsdunn.com\/es\/market-trends\/#breadcrumb\",\"itemListElement\":[{\"@type\":\"ListItem\",\"position\":1,\"name\":\"Home\",\"item\":\"https:\/\/gsdunn.com\/es\/\"},{\"@type\":\"ListItem\",\"position\":2,\"name\":\"Tendencias del mercado\"}]},{\"@type\":\"WebSite\",\"@id\":\"https:\/\/gsdunn.web4you.ca\/#website\",\"url\":\"https:\/\/gsdunn.web4you.ca\/\",\"name\":\"G.S. Dunn\",\"description\":\"Dry Mustard Millers\",\"publisher\":{\"@id\":\"https:\/\/gsdunn.web4you.ca\/#organization\"},\"potentialAction\":[{\"@type\":\"SearchAction\",\"target\":{\"@type\":\"EntryPoint\",\"urlTemplate\":\"https:\/\/gsdunn.web4you.ca\/?s={search_term_string}\"},\"query-input\":{\"@type\":\"PropertyValueSpecification\",\"valueRequired\":true,\"valueName\":\"search_term_string\"}}],\"inLanguage\":\"es\"},{\"@type\":\"Organization\",\"@id\":\"https:\/\/gsdunn.web4you.ca\/#organization\",\"name\":\"G.S. Dunn\",\"url\":\"https:\/\/gsdunn.web4you.ca\/\",\"logo\":{\"@type\":\"ImageObject\",\"inLanguage\":\"es\",\"@id\":\"https:\/\/gsdunn.web4you.ca\/#\/schema\/logo\/image\/\",\"url\":\"https:\/\/gsdunn.com\/wp-content\/uploads\/2024\/11\/GSDunn-logo.webp\",\"contentUrl\":\"https:\/\/gsdunn.com\/wp-content\/uploads\/2024\/11\/GSDunn-logo.webp\",\"width\":750,\"height\":332,\"caption\":\"G.S. Dunn\"},\"image\":{\"@id\":\"https:\/\/gsdunn.web4you.ca\/#\/schema\/logo\/image\/\"}}]}<\/script>\n<!-- \/ Yoast SEO plugin. -->","yoast_head_json":{"title":"Tendencias del mercado - G.S. Dunn","description":"Inf\u00f3rmate sobre nuestro compromiso de fabricar productos de mostaza de primera calidad, nuestra experiencia en el sector y c\u00f3mo ayudamos a los clientes con soluciones a medida.","robots":{"index":"index","follow":"follow","max-snippet":"max-snippet:-1","max-image-preview":"max-image-preview:large","max-video-preview":"max-video-preview:-1"},"canonical":"https:\/\/gsdunn.com\/es\/market-trends\/","og_locale":"es_ES","og_type":"article","og_title":"Tendencias del mercado - G.S. Dunn","og_description":"Inf\u00f3rmate sobre nuestro compromiso de fabricar productos de mostaza de primera calidad, nuestra experiencia en el sector y c\u00f3mo ayudamos a los clientes con soluciones a medida.","og_url":"https:\/\/gsdunn.com\/es\/market-trends\/","og_site_name":"G.S. Dunn","article_modified_time":"2025-07-22T08:37:03+00:00","og_image":[{"width":1000,"height":1000,"url":"https:\/\/gsdunn.com\/wp-content\/uploads\/2025\/03\/Hero-section-square.webp","type":"image\/webp"}],"twitter_card":"summary_large_image","twitter_misc":{"Tiempo de lectura":"6 minutos"},"schema":{"@context":"https:\/\/schema.org","@graph":[{"@type":"WebPage","@id":"https:\/\/gsdunn.com\/es\/market-trends\/","url":"https:\/\/gsdunn.com\/es\/market-trends\/","name":"Tendencias del mercado - G.S. Dunn","isPartOf":{"@id":"https:\/\/gsdunn.web4you.ca\/#website"},"primaryImageOfPage":{"@id":"https:\/\/gsdunn.com\/es\/market-trends\/#primaryimage"},"image":{"@id":"https:\/\/gsdunn.com\/es\/market-trends\/#primaryimage"},"thumbnailUrl":"https:\/\/gsdunn.com\/wp-content\/uploads\/2025\/03\/Hero-section-square.webp","datePublished":"2025-05-01T18:17:32+00:00","dateModified":"2025-07-22T08:37:03+00:00","description":"Inf\u00f3rmate sobre nuestro compromiso de fabricar productos de mostaza de primera calidad, nuestra experiencia en el sector y c\u00f3mo ayudamos a los clientes con soluciones a medida.","breadcrumb":{"@id":"https:\/\/gsdunn.com\/es\/market-trends\/#breadcrumb"},"inLanguage":"es","potentialAction":[{"@type":"ReadAction","target":["https:\/\/gsdunn.com\/es\/market-trends\/"]}]},{"@type":"ImageObject","inLanguage":"es","@id":"https:\/\/gsdunn.com\/es\/market-trends\/#primaryimage","url":"https:\/\/gsdunn.com\/wp-content\/uploads\/2025\/03\/Hero-section-square.webp","contentUrl":"https:\/\/gsdunn.com\/wp-content\/uploads\/2025\/03\/Hero-section-square.webp","width":1000,"height":1000},{"@type":"BreadcrumbList","@id":"https:\/\/gsdunn.com\/es\/market-trends\/#breadcrumb","itemListElement":[{"@type":"ListItem","position":1,"name":"Home","item":"https:\/\/gsdunn.com\/es\/"},{"@type":"ListItem","position":2,"name":"Tendencias del mercado"}]},{"@type":"WebSite","@id":"https:\/\/gsdunn.web4you.ca\/#website","url":"https:\/\/gsdunn.web4you.ca\/","name":"G.S. Dunn","description":"Dry Mustard Millers","publisher":{"@id":"https:\/\/gsdunn.web4you.ca\/#organization"},"potentialAction":[{"@type":"SearchAction","target":{"@type":"EntryPoint","urlTemplate":"https:\/\/gsdunn.web4you.ca\/?s={search_term_string}"},"query-input":{"@type":"PropertyValueSpecification","valueRequired":true,"valueName":"search_term_string"}}],"inLanguage":"es"},{"@type":"Organization","@id":"https:\/\/gsdunn.web4you.ca\/#organization","name":"G.S. Dunn","url":"https:\/\/gsdunn.web4you.ca\/","logo":{"@type":"ImageObject","inLanguage":"es","@id":"https:\/\/gsdunn.web4you.ca\/#\/schema\/logo\/image\/","url":"https:\/\/gsdunn.com\/wp-content\/uploads\/2024\/11\/GSDunn-logo.webp","contentUrl":"https:\/\/gsdunn.com\/wp-content\/uploads\/2024\/11\/GSDunn-logo.webp","width":750,"height":332,"caption":"G.S. Dunn"},"image":{"@id":"https:\/\/gsdunn.web4you.ca\/#\/schema\/logo\/image\/"}}]}},"acf":[],"_links":{"self":[{"href":"https:\/\/gsdunn.com\/es\/wp-json\/wp\/v2\/pages\/15351","targetHints":{"allow":["GET"]}}],"collection":[{"href":"https:\/\/gsdunn.com\/es\/wp-json\/wp\/v2\/pages"}],"about":[{"href":"https:\/\/gsdunn.com\/es\/wp-json\/wp\/v2\/types\/page"}],"author":[{"embeddable":true,"href":"https:\/\/gsdunn.com\/es\/wp-json\/wp\/v2\/users\/1"}],"replies":[{"embeddable":true,"href":"https:\/\/gsdunn.com\/es\/wp-json\/wp\/v2\/comments?post=15351"}],"version-history":[{"count":4,"href":"https:\/\/gsdunn.com\/es\/wp-json\/wp\/v2\/pages\/15351\/revisions"}],"predecessor-version":[{"id":15993,"href":"https:\/\/gsdunn.com\/es\/wp-json\/wp\/v2\/pages\/15351\/revisions\/15993"}],"wp:featuredmedia":[{"embeddable":true,"href":"https:\/\/gsdunn.com\/es\/wp-json\/wp\/v2\/media\/14907"}],"wp:attachment":[{"href":"https:\/\/gsdunn.com\/es\/wp-json\/wp\/v2\/media?parent=15351"}],"wp:term":[{"taxonomy":"category","embeddable":true,"href":"https:\/\/gsdunn.com\/es\/wp-json\/wp\/v2\/categories?post=15351"},{"taxonomy":"post_tag","embeddable":true,"href":"https:\/\/gsdunn.com\/es\/wp-json\/wp\/v2\/tags?post=15351"}],"curies":[{"name":"wp","href":"https:\/\/api.w.org\/{rel}","templated":true}]}}