{"id":15251,"date":"2025-01-07T09:00:14","date_gmt":"2025-01-07T14:00:14","guid":{"rendered":"https:\/\/gsdunn.com\/otros\/"},"modified":"2025-07-22T04:42:40","modified_gmt":"2025-07-22T08:42:40","slug":"other","status":"publish","type":"page","link":"https:\/\/gsdunn.com\/es\/uses\/other\/","title":{"rendered":"Otros"},"content":{"rendered":"[vc_row type=\u00bbfull_width_background\u00bb full_screen_row_position=\u00bbmiddle\u00bb column_margin=\u00bbdefault\u00bb column_direction=\u00bbdefault\u00bb column_direction_tablet=\u00bbdefault\u00bb column_direction_phone=\u00bbdefault\u00bb bg_color=\u00bb#995400&#8243; scene_position=\u00bbcenter\u00bb top_padding=\u00bb80&#8243; bottom_padding=\u00bb80&#8243; top_padding_tablet=\u00bb60&#8243; constrain_group_3=\u00bbyes\u00bb bottom_padding_tablet=\u00bb60&#8243; top_padding_phone=\u00bb50&#8243; constrain_group_5=\u00bbyes\u00bb bottom_padding_phone=\u00bb50&#8243; text_color=\u00bbdark\u00bb text_align=\u00bbleft\u00bb row_border_radius=\u00bbnone\u00bb row_border_radius_applies=\u00bbbg\u00bb overflow=\u00bbvisible\u00bb overlay_strength=\u00bb0.3&#8243; gradient_direction=\u00bbleft_to_right\u00bb shape_divider_color=\u00bb#f7f7f7&#8243; shape_divider_position=\u00bbbottom\u00bb shape_divider_height=\u00bb80&#8243; bg_image_animation=\u00bbnone\u00bb gradient_type=\u00bbdefault\u00bb shape_type=\u00bbcurve\u00bb][vc_column column_padding=\u00bbno-extra-padding\u00bb column_padding_tablet=\u00bbinherit\u00bb column_padding_phone=\u00bbinherit\u00bb column_padding_position=\u00bball\u00bb translate_y=\u00bb0&#8243; column_element_direction_desktop=\u00bbdefault\u00bb column_element_spacing=\u00bbdefault\u00bb desktop_text_alignment=\u00bbcenter\u00bb tablet_text_alignment=\u00bbdefault\u00bb phone_text_alignment=\u00bbdefault\u00bb background_color_opacity=\u00bb1&#8243; background_hover_color_opacity=\u00bb1&#8243; column_backdrop_filter=\u00bbnone\u00bb font_color=\u00bb#f7f7f7&#8243; column_shadow=\u00bbnone\u00bb column_border_radius=\u00bbnone\u00bb column_link_target=\u00bb_self\u00bb column_position=\u00bbdefault\u00bb gradient_direction=\u00bbleft_to_right\u00bb overlay_strength=\u00bb0.3&#8243; width=\u00bb1\/1&#8243; tablet_width_inherit=\u00bbdefault\u00bb animation_type=\u00bbdefault\u00bb bg_image_animation=\u00bbnone\u00bb border_type=\u00bbsimple\u00bb column_border_width=\u00bbnone\u00bb column_border_style=\u00bbsolid\u00bb column_padding_type=\u00bbdefault\u00bb gradient_type=\u00bbdefault\u00bb][vc_column_text css=\u00bb.vc_custom_1739895741153{margin-bottom: 15px !important;}\u00bb text_direction=\u00bbdefault\u00bb]\n<h1 style=\"text-align: center;\"><strong>Otros usos<br \/><\/strong><\/h1>\n[\/vc_column_text][vc_column_text css=\u00bb\u00bb text_direction=\u00bbdefault\u00bb]<span><span><a href=\"https:\/\/gsdunn.com\/es\/\">Home<\/a><\/span><\/span>[\/vc_column_text][\/vc_column][\/vc_row][vc_row type=\u00bbfull_width_background\u00bb full_screen_row_position=\u00bbmiddle\u00bb column_margin=\u00bbdefault\u00bb equal_height=\u00bbyes\u00bb content_placement=\u00bbtop\u00bb column_direction=\u00bbdefault\u00bb column_direction_tablet=\u00bbdefault\u00bb column_direction_phone=\u00bbdefault\u00bb scene_position=\u00bbcenter\u00bb top_padding=\u00bb80&#8243; constrain_group_1=\u00bbyes\u00bb bottom_padding=\u00bb80&#8243; top_padding_tablet=\u00bb60&#8243; bottom_padding_tablet=\u00bb80&#8243; top_padding_phone=\u00bb50&#8243; bottom_padding_phone=\u00bb70&#8243; text_color=\u00bbdark\u00bb text_align=\u00bbleft\u00bb row_border_radius=\u00bbnone\u00bb row_border_radius_applies=\u00bbbg\u00bb overflow=\u00bbvisible\u00bb overlay_strength=\u00bb0.3&#8243; gradient_direction=\u00bbleft_to_right\u00bb shape_divider_position=\u00bbbottom\u00bb bg_image_animation=\u00bbnone\u00bb gradient_type=\u00bbdefault\u00bb shape_type=\u00bb\u00bb][vc_column top_padding_desktop=\u00bb0&#8243; constrain_group_100=\u00bbyes\u00bb bottom_padding_desktop=\u00bb0&#8243; top_padding_tablet=\u00bb170&#8243; constrain_group_102=\u00bbyes\u00bb bottom_padding_tablet=\u00bb170&#8243; top_padding_phone=\u00bb120&#8243; constrain_group_104=\u00bbyes\u00bb bottom_padding_phone=\u00bb120&#8243; column_element_direction_desktop=\u00bbdefault\u00bb column_element_spacing=\u00bbdefault\u00bb desktop_text_alignment=\u00bbdefault\u00bb tablet_text_alignment=\u00bbdefault\u00bb phone_text_alignment=\u00bbdefault\u00bb background_color_opacity=\u00bb1&#8243; background_hover_color_opacity=\u00bb1&#8243; background_image=\u00bb12546&#8243; background_image_position=\u00bbcenter center\u00bb background_image_stacking=\u00bbdefault\u00bb enable_bg_scale=\u00bbtrue\u00bb background_image_loading=\u00bbdefault\u00bb column_backdrop_filter=\u00bbnone\u00bb column_shadow=\u00bbnone\u00bb column_border_radius=\u00bb10px\u00bb column_link_target=\u00bb_self\u00bb column_position=\u00bbdefault\u00bb gradient_direction=\u00bbleft_to_right\u00bb overlay_strength=\u00bb0.3&#8243; width=\u00bb1\/2&#8243; tablet_width_inherit=\u00bbdefault\u00bb animation_type=\u00bbdefault\u00bb bg_image_animation=\u00bbnone\u00bb border_type=\u00bbsimple\u00bb column_border_width=\u00bbnone\u00bb column_border_style=\u00bbsolid\u00bb column_padding_type=\u00bbadvanced\u00bb gradient_type=\u00bbdefault\u00bb][\/vc_column][vc_column top_padding_desktop=\u00bb30&#8243; bottom_padding_desktop=\u00bb50&#8243; left_padding_desktop=\u00bb30&#8243; top_padding_tablet=\u00bb15&#8243; constrain_group_102=\u00bbyes\u00bb bottom_padding_tablet=\u00bb15&#8243; left_padding_tablet=\u00bb0&#8243; top_padding_phone=\u00bb5&#8243; constrain_group_104=\u00bbyes\u00bb bottom_padding_phone=\u00bb5&#8243; left_padding_phone=\u00bb0&#8243; column_element_direction_desktop=\u00bbdefault\u00bb column_element_spacing=\u00bb20px\u00bb desktop_text_alignment=\u00bbdefault\u00bb tablet_text_alignment=\u00bbdefault\u00bb phone_text_alignment=\u00bbdefault\u00bb background_color_opacity=\u00bb1&#8243; background_hover_color_opacity=\u00bb1&#8243; column_backdrop_filter=\u00bbnone\u00bb column_shadow=\u00bbnone\u00bb column_border_radius=\u00bbnone\u00bb column_link_target=\u00bb_self\u00bb column_position=\u00bbdefault\u00bb gradient_direction=\u00bbleft_to_right\u00bb overlay_strength=\u00bb0.3&#8243; width=\u00bb1\/2&#8243; tablet_width_inherit=\u00bbdefault\u00bb animation_type=\u00bbdefault\u00bb bg_image_animation=\u00bbnone\u00bb border_type=\u00bbsimple\u00bb column_border_width=\u00bbnone\u00bb column_border_style=\u00bbsolid\u00bb column_padding_type=\u00bbadvanced\u00bb gradient_type=\u00bbdefault\u00bb][vc_column_text css=\u00bb\u00bb text_direction=\u00bbdefault\u00bb]\n<h2 style=\"text-align: left;\">M\u00e1s con mostaza<\/h2>\n[\/vc_column_text][vc_column_text css=\u00bb.vc_custom_1739907613002{margin-bottom: 40px !important;}\u00bb text_direction=\u00bbdefault\u00bb]El uso de mostaza amarilla molida desactivada mejora la calidad de corte y la estabilidad al calor de los productos de queso fundido. Tambi\u00e9n es un ingrediente vital para la industria panadera, ya que potencia el sabor, la absorci\u00f3n de agua y la vida \u00fatil. Puede utilizarse para reducir la yema de huevo en las f\u00f3rmulas y reducir costes. Tambi\u00e9n hay posibilidades de utilizar la mostaza amarilla molida desactivada como agente reductor para romper la matriz de gluten, relajando la masa y mejorando su elasticidad.   <\/p>\n<p>Debido a sus valores antioxidantes y nutricionales, la mostaza est\u00e1 recibiendo cada vez m\u00e1s atenci\u00f3n como ingrediente singularmente beneficioso en la creciente categor\u00eda de bebidas saludables y alimentos funcionales. Con la promesa de una investigaci\u00f3n continuada y la demanda mundial de productos alimentarios sanos, esta antigua semilla encierra nuevas oportunidades para el futuro.[\/vc_column_text][vc_row_inner column_margin=\u00bbdefault\u00bb column_direction=\u00bbdefault\u00bb column_direction_tablet=\u00bbdefault\u00bb column_direction_phone=\u00bbdefault\u00bb top_padding=\u00bb20&#8243; top_padding_tablet=\u00bb15&#8243; top_padding_phone=\u00bb5&#8243; text_align=\u00bbleft\u00bb row_position=\u00bbdefault\u00bb row_position_tablet=\u00bbinherit\u00bb row_position_phone=\u00bbinherit\u00bb overflow=\u00bbvisible\u00bb pointer_events=\u00bball\u00bb][vc_column_inner column_padding=\u00bbno-extra-padding\u00bb column_padding_tablet=\u00bbinherit\u00bb column_padding_phone=\u00bbinherit\u00bb column_padding_position=\u00bball\u00bb column_element_direction_desktop=\u00bbdefault\u00bb column_element_spacing=\u00bbdefault\u00bb desktop_text_alignment=\u00bbdefault\u00bb tablet_text_alignment=\u00bbdefault\u00bb phone_text_alignment=\u00bbdefault\u00bb background_color_opacity=\u00bb1&#8243; background_hover_color_opacity=\u00bb1&#8243; column_backdrop_filter=\u00bbnone\u00bb column_shadow=\u00bbnone\u00bb column_border_radius=\u00bbnone\u00bb column_link_target=\u00bb_self\u00bb overflow=\u00bbvisible\u00bb gradient_direction=\u00bbleft_to_right\u00bb overlay_strength=\u00bb0.3&#8243; width=\u00bb1\/1&#8243; tablet_width_inherit=\u00bbdefault\u00bb animation_type=\u00bbdefault\u00bb bg_image_animation=\u00bbnone\u00bb border_type=\u00bbsimple\u00bb column_border_width=\u00bbnone\u00bb column_border_style=\u00bbsolid\u00bb][nectar_cta btn_style=\u00bbbasic\u00bb heading_tag=\u00bbspan\u00bb button_color=\u00bbextra-color-2&#8243; button_color_hover=\u00bb#f7f7f7&#8243; text_color=\u00bb#f7f7f7&#8243; text_color_hover=\u00bb#995400&#8243; button_border_color=\u00bb#995400&#8243; button_border_color_hover=\u00bb#995400&#8243; button_border_thickness=\u00bb1px\u00bb link_type=\u00bbregular\u00bb alignment=\u00bbleft\u00bb alignment_tablet=\u00bbdefault\u00bb alignment_phone=\u00bbdefault\u00bb constrain_group_3=\u00bbyes\u00bb constrain_group_4=\u00bbyes\u00bb display=\u00bbblock\u00bb display_tablet=\u00bbinherit\u00bb display_phone=\u00bbinherit\u00bb icon_family=\u00bbnone\u00bb link_text=\u00bbSolicitar una muestra\u00bb padding_top=\u00bb15&#8243; padding_bottom=\u00bb15&#8243; padding_left=\u00bb25&#8243; padding_right=\u00bb25&#8243; url=\u00bbhttps:\/\/gsdunn.com\/sample-request\/\u00bb][\/vc_column_inner][\/vc_row_inner][\/vc_column][\/vc_row][vc_row type=\u00bbfull_width_background\u00bb full_screen_row_position=\u00bbmiddle\u00bb column_margin=\u00bbdefault\u00bb equal_height=\u00bbyes\u00bb content_placement=\u00bbtop\u00bb column_direction=\u00bbdefault\u00bb column_direction_tablet=\u00bbdefault\u00bb column_direction_phone=\u00bbdefault\u00bb bg_color=\u00bb#ffffff\u00bb scene_position=\u00bbcenter\u00bb top_padding=\u00bb70&#8243; bottom_padding=\u00bb40&#8243; top_padding_tablet=\u00bb60&#8243; bottom_padding_tablet=\u00bb25&#8243; top_padding_phone=\u00bb50&#8243; bottom_padding_phone=\u00bb15&#8243; text_color=\u00bbdark\u00bb text_align=\u00bbleft\u00bb row_border_radius=\u00bbnone\u00bb row_border_radius_applies=\u00bbbg\u00bb overflow=\u00bbvisible\u00bb overlay_strength=\u00bb0.3&#8243; gradient_direction=\u00bbleft_to_right\u00bb shape_divider_position=\u00bbbottom\u00bb bg_image_animation=\u00bbnone\u00bb gradient_type=\u00bbdefault\u00bb shape_type=\u00bb\u00bb][vc_column column_padding=\u00bbno-extra-padding\u00bb column_padding_tablet=\u00bbinherit\u00bb column_padding_phone=\u00bbinherit\u00bb column_padding_position=\u00bball\u00bb column_element_direction_desktop=\u00bbdefault\u00bb column_element_spacing=\u00bbdefault\u00bb desktop_text_alignment=\u00bbdefault\u00bb tablet_text_alignment=\u00bbdefault\u00bb phone_text_alignment=\u00bbdefault\u00bb background_color_opacity=\u00bb1&#8243; background_hover_color_opacity=\u00bb1&#8243; column_backdrop_filter=\u00bbnone\u00bb column_shadow=\u00bbnone\u00bb column_border_radius=\u00bbnone\u00bb column_link_target=\u00bb_self\u00bb column_position=\u00bbdefault\u00bb gradient_direction=\u00bbleft_to_right\u00bb overlay_strength=\u00bb0.3&#8243; width=\u00bb1\/1&#8243; tablet_width_inherit=\u00bbdefault\u00bb animation_type=\u00bbdefault\u00bb bg_image_animation=\u00bbnone\u00bb border_type=\u00bbsimple\u00bb column_border_width=\u00bbnone\u00bb column_border_style=\u00bbsolid\u00bb column_padding_type=\u00bbdefault\u00bb gradient_type=\u00bbdefault\u00bb][vc_row_inner column_margin=\u00bbdefault\u00bb column_direction=\u00bbdefault\u00bb column_direction_tablet=\u00bbdefault\u00bb column_direction_phone=\u00bbdefault\u00bb bottom_padding=\u00bb20&#8243; left_padding_desktop=\u00bb120&#8243; constrain_group_2=\u00bbyes\u00bb right_padding_desktop=\u00bb120&#8243; bottom_padding_tablet=\u00bb5&#8243; left_padding_tablet=\u00bb0&#8243; constrain_group_4=\u00bbyes\u00bb right_padding_tablet=\u00bb0&#8243; bottom_padding_phone=\u00bb0&#8243; left_padding_phone=\u00bb0&#8243; constrain_group_6=\u00bbyes\u00bb right_padding_phone=\u00bb0&#8243; text_align=\u00bbcenter\u00bb row_position=\u00bbdefault\u00bb row_position_tablet=\u00bbinherit\u00bb row_position_phone=\u00bbinherit\u00bb overflow=\u00bbvisible\u00bb pointer_events=\u00bball\u00bb][vc_column_inner column_element_direction_desktop=\u00bbdefault\u00bb column_element_spacing=\u00bbdefault\u00bb desktop_text_alignment=\u00bbdefault\u00bb tablet_text_alignment=\u00bbcenter\u00bb phone_text_alignment=\u00bbleft\u00bb background_color_opacity=\u00bb1&#8243; background_hover_color_opacity=\u00bb1&#8243; column_backdrop_filter=\u00bbnone\u00bb column_shadow=\u00bbnone\u00bb column_border_radius=\u00bbnone\u00bb column_link_target=\u00bb_self\u00bb overflow=\u00bbvisible\u00bb gradient_direction=\u00bbleft_to_right\u00bb overlay_strength=\u00bb0.3&#8243; width=\u00bb1\/1&#8243; tablet_width_inherit=\u00bbdefault\u00bb animation_type=\u00bbdefault\u00bb bg_image_animation=\u00bbnone\u00bb border_type=\u00bbsimple\u00bb column_border_width=\u00bbnone\u00bb column_border_style=\u00bbsolid\u00bb column_padding_type=\u00bbadvanced\u00bb gradient_type=\u00bbdefault\u00bb][vc_column_text css=\u00bb\u00bb text_direction=\u00bbdefault\u00bb]\n<h2>Utiliza<\/h2>\n[\/vc_column_text][vc_column_text css=\u00bb\u00bb text_direction=\u00bbdefault\u00bb]La mostaza se utiliza cada vez m\u00e1s por sus numerosas propiedades \u00fanicas. Aparte de su aplicaci\u00f3n en categor\u00edas de alimentos tradicionales, la mostaza tambi\u00e9n se utiliza en la preparaci\u00f3n de queso fundido, productos de panader\u00eda e incluso bebidas.[\/vc_column_text][\/vc_column_inner][\/vc_row_inner][nectar_post_grid post_type=\u00bbcustom\u00bb cpt_name=\u00bbpage\u00bb order=\u00bbASC\u00bb orderby=\u00bbdate\u00bb pagination=\u00bbnone\u00bb columns=\u00bb2&#8243; columns_tablet=\u00bbdefault\u00bb columns_phone=\u00bbdefault\u00bb grid_item_spacing=\u00bb10px\u00bb grid_item_height=\u00bb30vh\u00bb image_size=\u00bblarge\u00bb image_loading=\u00bbdefault\u00bb animation=\u00bbnone\u00bb animation_stagger=\u00bb90&#8243; animation_easing=\u00bbdefault\u00bb heading_tag=\u00bbdefault\u00bb font_size_min=\u00bb16px\u00bb font_size_max=\u00bb28px\u00bb enable_indicator=\u00bbyes\u00bb mouse_indicator_style=\u00bbdefault\u00bb mouse_indicator_text=\u00bbview\u00bb mouse_indicator_color=\u00bbrgba(10,10,10,0.24)\u00bb mouse_indicator_text_color=\u00bb#ffffff\u00bb mouse_indicator_blurred_bg=\u00bbyes\u00bb additional_meta_size=\u00bbsmall\u00bb grid_style=\u00bbcontent_under_image\u00bb content_under_image_text_align=\u00bbleft\u00bb text_color=\u00bbdark\u00bb hover_effect=\u00bbanimated_underline_zoom\u00bb border_radius=\u00bb10px\u00bb posts_per_page=\u00bb4&#8243; display_type=\u00bbgrid\u00bb custom_query_tax=\u00bb71&#8243; custom_font_size=\u00bb1.6vw\u00bb][\/vc_column][\/vc_row]\n","protected":false},"excerpt":{"rendered":"<p>[vc_row type=\u00bbfull_width_background\u00bb full_screen_row_position=\u00bbmiddle\u00bb column_margin=\u00bbdefault\u00bb column_direction=\u00bbdefault\u00bb column_direction_tablet=\u00bbdefault\u00bb column_direction_phone=\u00bbdefault\u00bb bg_color=\u00bb#995400&#8243; scene_position=\u00bbcenter\u00bb top_padding=\u00bb80&#8243; bottom_padding=\u00bb80&#8243; top_padding_tablet=\u00bb60&#8243; constrain_group_3=\u00bbyes\u00bb bottom_padding_tablet=\u00bb60&#8243; top_padding_phone=\u00bb50&#8243; constrain_group_5=\u00bbyes\u00bb bottom_padding_phone=\u00bb50&#8243; text_color=\u00bbdark\u00bb text_align=\u00bbleft\u00bb row_border_radius=\u00bbnone\u00bb row_border_radius_applies=\u00bbbg\u00bb overflow=\u00bbvisible\u00bb overlay_strength=\u00bb0.3&#8243; gradient_direction=\u00bbleft_to_right\u00bb shape_divider_color=\u00bb#f7f7f7&#8243; shape_divider_position=\u00bbbottom\u00bb shape_divider_height=\u00bb80&#8243; bg_image_animation=\u00bbnone\u00bb gradient_type=\u00bbdefault\u00bb shape_type=\u00bbcurve\u00bb][vc_column&#8230;<\/p>\n","protected":false},"author":1,"featured_media":14567,"parent":15381,"menu_order":0,"comment_status":"closed","ping_status":"closed","template":"","meta":{"_acf_changed":false,"footnotes":""},"categories":[],"tags":[151],"class_list":{"0":"post-15251","1":"page","2":"type-page","3":"status-publish","4":"has-post-thumbnail","6":"tag-utiliza"},"yoast_head":"<!-- This site is optimized with the Yoast SEO plugin v25.5 - https:\/\/yoast.com\/wordpress\/plugins\/seo\/ -->\n<title>Otros - G.S. Dunn<\/title>\n<meta name=\"description\" content=\"Explora c\u00f3mo nuestros productos de mostaza sirven como eficaces sustitutos de la goma, agentes de carga y espesantes, al tiempo que mejoran la textura y el sabor.\" \/>\n<meta name=\"robots\" content=\"index, follow, max-snippet:-1, max-image-preview:large, max-video-preview:-1\" \/>\n<link rel=\"canonical\" href=\"https:\/\/gsdunn.com\/es\/uses\/other\/\" \/>\n<meta property=\"og:locale\" content=\"es_ES\" \/>\n<meta property=\"og:type\" content=\"article\" \/>\n<meta property=\"og:title\" content=\"Otros - G.S. Dunn\" \/>\n<meta property=\"og:description\" content=\"Explora c\u00f3mo nuestros productos de mostaza sirven como eficaces sustitutos de la goma, agentes de carga y espesantes, al tiempo que mejoran la textura y el sabor.\" \/>\n<meta property=\"og:url\" content=\"https:\/\/gsdunn.com\/es\/uses\/other\/\" \/>\n<meta property=\"og:site_name\" content=\"G.S. Dunn\" \/>\n<meta property=\"article:modified_time\" content=\"2025-07-22T08:42:40+00:00\" \/>\n<meta property=\"og:image\" content=\"https:\/\/gsdunn.com\/wp-content\/uploads\/2025\/02\/Mustard-Seeds-Powder-Sauce-scaled.jpg\" \/>\n\t<meta property=\"og:image:width\" content=\"2560\" \/>\n\t<meta property=\"og:image:height\" content=\"1707\" \/>\n\t<meta property=\"og:image:type\" content=\"image\/jpeg\" \/>\n<meta name=\"twitter:card\" content=\"summary_large_image\" \/>\n<meta name=\"twitter:label1\" content=\"Tiempo de lectura\" \/>\n\t<meta name=\"twitter:data1\" content=\"8 minutos\" \/>\n<script type=\"application\/ld+json\" class=\"yoast-schema-graph\">{\"@context\":\"https:\/\/schema.org\",\"@graph\":[{\"@type\":\"WebPage\",\"@id\":\"https:\/\/gsdunn.com\/es\/uses\/other\/\",\"url\":\"https:\/\/gsdunn.com\/es\/uses\/other\/\",\"name\":\"Otros - G.S. Dunn\",\"isPartOf\":{\"@id\":\"https:\/\/gsdunn.web4you.ca\/#website\"},\"primaryImageOfPage\":{\"@id\":\"https:\/\/gsdunn.com\/es\/uses\/other\/#primaryimage\"},\"image\":{\"@id\":\"https:\/\/gsdunn.com\/es\/uses\/other\/#primaryimage\"},\"thumbnailUrl\":\"https:\/\/gsdunn.com\/wp-content\/uploads\/2025\/02\/Mustard-Seeds-Powder-Sauce-scaled.jpg\",\"datePublished\":\"2025-01-07T14:00:14+00:00\",\"dateModified\":\"2025-07-22T08:42:40+00:00\",\"description\":\"Explora c\u00f3mo nuestros productos de mostaza sirven como eficaces sustitutos de la goma, agentes de carga y espesantes, al tiempo que mejoran la textura y el sabor.\",\"breadcrumb\":{\"@id\":\"https:\/\/gsdunn.com\/es\/uses\/other\/#breadcrumb\"},\"inLanguage\":\"es\",\"potentialAction\":[{\"@type\":\"ReadAction\",\"target\":[\"https:\/\/gsdunn.com\/es\/uses\/other\/\"]}]},{\"@type\":\"ImageObject\",\"inLanguage\":\"es\",\"@id\":\"https:\/\/gsdunn.com\/es\/uses\/other\/#primaryimage\",\"url\":\"https:\/\/gsdunn.com\/wp-content\/uploads\/2025\/02\/Mustard-Seeds-Powder-Sauce-scaled.jpg\",\"contentUrl\":\"https:\/\/gsdunn.com\/wp-content\/uploads\/2025\/02\/Mustard-Seeds-Powder-Sauce-scaled.jpg\",\"width\":2560,\"height\":1707,\"caption\":\"Mustard seeds, powder and sauce in glass jar, bowls and spoon on wooden background\"},{\"@type\":\"BreadcrumbList\",\"@id\":\"https:\/\/gsdunn.com\/es\/uses\/other\/#breadcrumb\",\"itemListElement\":[{\"@type\":\"ListItem\",\"position\":1,\"name\":\"Home\",\"item\":\"https:\/\/gsdunn.com\/es\/\"},{\"@type\":\"ListItem\",\"position\":2,\"name\":\"Utiliza\",\"item\":\"https:\/\/gsdunn.com\/es\/uses\/\"},{\"@type\":\"ListItem\",\"position\":3,\"name\":\"Otros\"}]},{\"@type\":\"WebSite\",\"@id\":\"https:\/\/gsdunn.web4you.ca\/#website\",\"url\":\"https:\/\/gsdunn.web4you.ca\/\",\"name\":\"G.S. Dunn\",\"description\":\"Dry Mustard Millers\",\"publisher\":{\"@id\":\"https:\/\/gsdunn.web4you.ca\/#organization\"},\"potentialAction\":[{\"@type\":\"SearchAction\",\"target\":{\"@type\":\"EntryPoint\",\"urlTemplate\":\"https:\/\/gsdunn.web4you.ca\/?s={search_term_string}\"},\"query-input\":{\"@type\":\"PropertyValueSpecification\",\"valueRequired\":true,\"valueName\":\"search_term_string\"}}],\"inLanguage\":\"es\"},{\"@type\":\"Organization\",\"@id\":\"https:\/\/gsdunn.web4you.ca\/#organization\",\"name\":\"G.S. Dunn\",\"url\":\"https:\/\/gsdunn.web4you.ca\/\",\"logo\":{\"@type\":\"ImageObject\",\"inLanguage\":\"es\",\"@id\":\"https:\/\/gsdunn.web4you.ca\/#\/schema\/logo\/image\/\",\"url\":\"https:\/\/gsdunn.com\/wp-content\/uploads\/2024\/11\/GSDunn-logo.webp\",\"contentUrl\":\"https:\/\/gsdunn.com\/wp-content\/uploads\/2024\/11\/GSDunn-logo.webp\",\"width\":750,\"height\":332,\"caption\":\"G.S. Dunn\"},\"image\":{\"@id\":\"https:\/\/gsdunn.web4you.ca\/#\/schema\/logo\/image\/\"}}]}<\/script>\n<!-- \/ Yoast SEO plugin. -->","yoast_head_json":{"title":"Otros - G.S. Dunn","description":"Explora c\u00f3mo nuestros productos de mostaza sirven como eficaces sustitutos de la goma, agentes de carga y espesantes, al tiempo que mejoran la textura y el sabor.","robots":{"index":"index","follow":"follow","max-snippet":"max-snippet:-1","max-image-preview":"max-image-preview:large","max-video-preview":"max-video-preview:-1"},"canonical":"https:\/\/gsdunn.com\/es\/uses\/other\/","og_locale":"es_ES","og_type":"article","og_title":"Otros - G.S. Dunn","og_description":"Explora c\u00f3mo nuestros productos de mostaza sirven como eficaces sustitutos de la goma, agentes de carga y espesantes, al tiempo que mejoran la textura y el sabor.","og_url":"https:\/\/gsdunn.com\/es\/uses\/other\/","og_site_name":"G.S. Dunn","article_modified_time":"2025-07-22T08:42:40+00:00","og_image":[{"width":2560,"height":1707,"url":"https:\/\/gsdunn.com\/wp-content\/uploads\/2025\/02\/Mustard-Seeds-Powder-Sauce-scaled.jpg","type":"image\/jpeg"}],"twitter_card":"summary_large_image","twitter_misc":{"Tiempo de lectura":"8 minutos"},"schema":{"@context":"https:\/\/schema.org","@graph":[{"@type":"WebPage","@id":"https:\/\/gsdunn.com\/es\/uses\/other\/","url":"https:\/\/gsdunn.com\/es\/uses\/other\/","name":"Otros - G.S. Dunn","isPartOf":{"@id":"https:\/\/gsdunn.web4you.ca\/#website"},"primaryImageOfPage":{"@id":"https:\/\/gsdunn.com\/es\/uses\/other\/#primaryimage"},"image":{"@id":"https:\/\/gsdunn.com\/es\/uses\/other\/#primaryimage"},"thumbnailUrl":"https:\/\/gsdunn.com\/wp-content\/uploads\/2025\/02\/Mustard-Seeds-Powder-Sauce-scaled.jpg","datePublished":"2025-01-07T14:00:14+00:00","dateModified":"2025-07-22T08:42:40+00:00","description":"Explora c\u00f3mo nuestros productos de mostaza sirven como eficaces sustitutos de la goma, agentes de carga y espesantes, al tiempo que mejoran la textura y el sabor.","breadcrumb":{"@id":"https:\/\/gsdunn.com\/es\/uses\/other\/#breadcrumb"},"inLanguage":"es","potentialAction":[{"@type":"ReadAction","target":["https:\/\/gsdunn.com\/es\/uses\/other\/"]}]},{"@type":"ImageObject","inLanguage":"es","@id":"https:\/\/gsdunn.com\/es\/uses\/other\/#primaryimage","url":"https:\/\/gsdunn.com\/wp-content\/uploads\/2025\/02\/Mustard-Seeds-Powder-Sauce-scaled.jpg","contentUrl":"https:\/\/gsdunn.com\/wp-content\/uploads\/2025\/02\/Mustard-Seeds-Powder-Sauce-scaled.jpg","width":2560,"height":1707,"caption":"Mustard seeds, powder and sauce in glass jar, bowls and spoon on wooden background"},{"@type":"BreadcrumbList","@id":"https:\/\/gsdunn.com\/es\/uses\/other\/#breadcrumb","itemListElement":[{"@type":"ListItem","position":1,"name":"Home","item":"https:\/\/gsdunn.com\/es\/"},{"@type":"ListItem","position":2,"name":"Utiliza","item":"https:\/\/gsdunn.com\/es\/uses\/"},{"@type":"ListItem","position":3,"name":"Otros"}]},{"@type":"WebSite","@id":"https:\/\/gsdunn.web4you.ca\/#website","url":"https:\/\/gsdunn.web4you.ca\/","name":"G.S. Dunn","description":"Dry Mustard Millers","publisher":{"@id":"https:\/\/gsdunn.web4you.ca\/#organization"},"potentialAction":[{"@type":"SearchAction","target":{"@type":"EntryPoint","urlTemplate":"https:\/\/gsdunn.web4you.ca\/?s={search_term_string}"},"query-input":{"@type":"PropertyValueSpecification","valueRequired":true,"valueName":"search_term_string"}}],"inLanguage":"es"},{"@type":"Organization","@id":"https:\/\/gsdunn.web4you.ca\/#organization","name":"G.S. Dunn","url":"https:\/\/gsdunn.web4you.ca\/","logo":{"@type":"ImageObject","inLanguage":"es","@id":"https:\/\/gsdunn.web4you.ca\/#\/schema\/logo\/image\/","url":"https:\/\/gsdunn.com\/wp-content\/uploads\/2024\/11\/GSDunn-logo.webp","contentUrl":"https:\/\/gsdunn.com\/wp-content\/uploads\/2024\/11\/GSDunn-logo.webp","width":750,"height":332,"caption":"G.S. Dunn"},"image":{"@id":"https:\/\/gsdunn.web4you.ca\/#\/schema\/logo\/image\/"}}]}},"acf":[],"_links":{"self":[{"href":"https:\/\/gsdunn.com\/es\/wp-json\/wp\/v2\/pages\/15251","targetHints":{"allow":["GET"]}}],"collection":[{"href":"https:\/\/gsdunn.com\/es\/wp-json\/wp\/v2\/pages"}],"about":[{"href":"https:\/\/gsdunn.com\/es\/wp-json\/wp\/v2\/types\/page"}],"author":[{"embeddable":true,"href":"https:\/\/gsdunn.com\/es\/wp-json\/wp\/v2\/users\/1"}],"replies":[{"embeddable":true,"href":"https:\/\/gsdunn.com\/es\/wp-json\/wp\/v2\/comments?post=15251"}],"version-history":[{"count":3,"href":"https:\/\/gsdunn.com\/es\/wp-json\/wp\/v2\/pages\/15251\/revisions"}],"predecessor-version":[{"id":16127,"href":"https:\/\/gsdunn.com\/es\/wp-json\/wp\/v2\/pages\/15251\/revisions\/16127"}],"up":[{"embeddable":true,"href":"https:\/\/gsdunn.com\/es\/wp-json\/wp\/v2\/pages\/15381"}],"wp:featuredmedia":[{"embeddable":true,"href":"https:\/\/gsdunn.com\/es\/wp-json\/wp\/v2\/media\/14567"}],"wp:attachment":[{"href":"https:\/\/gsdunn.com\/es\/wp-json\/wp\/v2\/media?parent=15251"}],"wp:term":[{"taxonomy":"category","embeddable":true,"href":"https:\/\/gsdunn.com\/es\/wp-json\/wp\/v2\/categories?post=15251"},{"taxonomy":"post_tag","embeddable":true,"href":"https:\/\/gsdunn.com\/es\/wp-json\/wp\/v2\/tags?post=15251"}],"curies":[{"name":"wp","href":"https:\/\/api.w.org\/{rel}","templated":true}]}}